{"id":1328,"date":"2024-12-09T22:27:56","date_gmt":"2024-12-09T22:27:56","guid":{"rendered":"https:\/\/svanselevildmark.com\/contact-2\/"},"modified":"2025-05-11T15:36:49","modified_gmt":"2025-05-11T13:36:49","slug":"contact","status":"publish","type":"page","link":"https:\/\/svanselevildmark.com\/en\/contact\/","title":{"rendered":"Contact us"},"content":{"rendered":"<div class=\"wp-block-uagb-container uagb-block-93b94c88 alignfull uagb-is-root-container\"><div class=\"uagb-container__shape uagb-container__shape-bottom uagb-container__invert\" data-negative=\"false\"><svg xmlns=\"https:\/\/www.w3.org\/2000\/svg\" viewbox=\"0 0 2600 131.1\" preserveaspectratio=\"none\"><path class=\"uagb-container__shape-fill\" d=\"M0 0L2600 0 2600 69.1 0 0z\"><\/path><path class=\"uagb-container__shape-fill\" opacity=\"0.5\" d=\"M0 0L2600 0 2600 69.1 0 69.1z\"><\/path><path class=\"uagb-container__shape-fill\" opacity=\"0.25\" d=\"M2600 0L0 0 0 130.1 2600 69.1z\"><\/path><\/svg><\/div><div class=\"uagb-container-inner-blocks-wrap\">\n<div class=\"wp-block-uagb-advanced-heading uagb-block-8a1eebc0\"><h1 class=\"uagb-heading-text\">contact us<\/h1><\/div>\n<\/div><\/div>\n\n\n\n<div class=\"wp-block-uagb-container uagb-block-7a261d6f alignfull uagb-is-root-container\"><div class=\"uagb-container-inner-blocks-wrap\">\n<div class=\"wp-block-group is-nowrap is-layout-flex wp-container-core-group-is-layout-6c531013 wp-block-group-is-layout-flex\">\n<div class=\"wp-block-uagb-container uagb-block-00e359f9\">\n<div class=\"wp-block-uagb-advanced-heading uagb-block-c4b3dc44\"><h2 class=\"uagb-heading-text\">You can reach us here<\/h2><\/div>\n\n\n\n<div class=\"wp-block-uagb-info-box uagb-block-93cca952 uagb-infobox__content-wrap  uagb-infobox-icon-above-title uagb-infobox-image-valign-top\"><div class=\"uagb-ifb-content\"><div class=\"uagb-ifb-title-wrap\"><h3 class=\"uagb-ifb-title\">ADDRESS<\/h3><\/div><p class=\"uagb-ifb-desc\">Svansele 11<br>936 93 BOLIDEN<br><br>info@svansele.com<br>0915-21003<\/p><\/div><\/div>\n\n\n\n<div class=\"wp-block-group is-nowrap is-layout-flex wp-container-core-group-is-layout-6c531013 wp-block-group-is-layout-flex\">      \n\t\t\t<div class=\"uagb-icon-wrapper uagb-block-ad3686b1\"\n\t\t\tstyle=\"\" >\n\t\t\t\t\t\t\t\t\t<span class=\"uagb-svg-wrapper\" \n\t\t\t\t\t aria-label=\"facebook\"\t\t\t\t\ttabindex=\"0\">\t\t\n\t\t\t\t\t\t\t\t\t\t<a rel=\"noopener noreferrer\" href=\"https:\/\/www.facebook.com\/svansele\" target=\"_blank\"><svg xmlns=\"https:\/\/www.w3.org\/2000\/svg\" viewbox= \"0 0 512 512\" role=\"graphics-symbol\" aria-hidden=\"false\" aria-label=\"\"><path d=\"M504 256C504 119 393 8 256 8S8 119 8 256c0 123.8 90.69 226.4 209.3 245V327.7h-63V256h63v-54.64c0-62.15 37-96.48 93.67-96.48 27.14 0 55.52 4.84 55.52 4.84v61h-31.28c-30.8 0-40.41 19.12-40.41 38.73V256h68.78l-11 71.69h-57.78V501C413.3 482.4 504 379.8 504 256z\"><\/path><\/svg><\/a>\n\t\t\t\t\t\t\t\t\t<\/span>\n\t\t\t\t\t\t\t<\/div>\n\t\t\t\n\n      \n\t\t\t<div class=\"uagb-icon-wrapper uagb-block-c0b0b583\"\n\t\t\tstyle=\"\" >\n\t\t\t\t\t\t\t\t\t<span class=\"uagb-svg-wrapper\" \n\t\t\t\t\t aria-label=\"instagram-square\"\t\t\t\t\ttabindex=\"0\">\t\t\n\t\t\t\t\t\t\t\t\t\t<a rel=\"noopener noreferrer\" href=\"https:\/\/www.instagram.com\/svanselevildmark\" target=\"_blank\"><svg xmlns=\"https:\/\/www.w3.org\/2000\/svg\" viewbox= \"0 0 448 512\" role=\"graphics-symbol\" aria-hidden=\"false\" aria-label=\"\"><path d=\"M224 202.7A53.34 53.34 0 1 0 277.4 256 53.38 53.38 0 0 0 224 202.7zm124.7-41a54 54 0 0 0 -30.41-30.41c-21-8.29-71-6.43-94.3-6.43s-73.25-1.93-94.31 6.43a54 54 0 0 0 -30.41 30.41c-8.28 21-6.43 71.05-6.43 94.33S91 329.3 99.32 350.3a54 54 0 0 0 30.41 30.41c21 8.29 71 6.43 94.31 6.43s73.24 1.93 94.3-6.43a54 54 0 0 0 30.41-30.41c8.35-21 6.43-71.05 6.43-94.33S357.1 182.7 348.8 161.7zM224 338a82 82 0 1 1 82-82A81.9 81.9 0 0 1 224 338zm85.38-148.3a19.14 19.14 0 1 1 19.13-19.14A19.1 19.1 0 0 1 309.4 189.7zM400 32H48A48 48 0 0 0 0 80V432a48 48 0 0 0 48 48H400a48 48 0 0 0 48-48V80A48 48 0 0 0 400 32zM382.9 322c-1.29 25.63-7.14 48.34-25.85 67s-41.4 24.63-67 25.85c-26.41 1.49-105.6 1.49-132 0-25.63-1.29-48.26-7.15-67-25.85s-24.63-41.42-25.85-67c-1.49-26.42-1.49-105.6 0-132 1.29-25.63 7.07-48.34 25.85-67s41.47-24.56 67-25.78c26.41-1.49 105.6-1.49 132 0 25.63 1.29 48.33 7.15 67 25.85s24.63 41.42 25.85 67.05C384.4 216.4 384.4 295.6 382.9 322z\"><\/path><\/svg><\/a>\n\t\t\t\t\t\t\t\t\t<\/span>\n\t\t\t\t\t\t\t<\/div>\n\t\t\t<\/div>\n<\/div>\n<\/div>\n\n\n\n<div class=\"wp-block-uagb-container uagb-block-93d56b86\">\n<div class=\"wp-block-uagb-advanced-heading uagb-block-80aaa98a\"><h2 class=\"uagb-heading-text\">GET IN TOUCH WITH US<\/h2><\/div>\n\n\n\n<p class=\"has-ast-global-color-2-color has-text-color has-link-color wp-elements-33fbf672c063c42ed08b819d2cd1e355\">Don't hesitate to contact us, we will get back to you as soon as we can!<\/p>\n\n\n\n<div class=\"wp-block-uagb-forms uagb-forms__outer-wrap uagb-block-6fad3ad3 uagb-forms__medium-btn\"><form class=\"uagb-forms-main-form\" method=\"post\" autocomplete=\"on\" name=\"uagb-form-6fad3ad3\" action=\"\">\n<div class=\"wp-block-uagb-forms-name uagb-forms-name-wrap uagb-forms-field-set uagb-block-f9f43d0a\"><div class=\"uagb-forms-name-label required uagb-forms-input-label\" id=\"f9f43d0a\">Name<\/div><input type=\"text\" placeholder=\"\" required class=\"uagb-forms-name-input uagb-forms-input\" name=\"f9f43d0a\" autocomplete=\"given-name\"\/><\/div>\n\n\n\n<div class=\"wp-block-uagb-forms-email uagb-forms-email-wrap uagb-forms-field-set uagb-block-e14fe328\"><div class=\"uagb-forms-email-label required uagb-forms-input-label\" id=\"e14fe328\">Email<\/div><input type=\"email\" class=\"uagb-forms-email-input uagb-forms-input\" placeholder=\"\" required name=\"e14fe328\" autocomplete=\"email\"\/><\/div>\n\n\n\n<div class=\"wp-block-uagb-forms-textarea uagb-forms-textarea-wrap uagb-forms-field-set uagb-block-f906241e\"><div class=\"uagb-forms-textarea-label required uagb-forms-input-label\" id=\"f906241e\">Message<\/div><textarea required class=\"uagb-forms-textarea-input uagb-forms-input\" rows=\"4\" placeholder=\"\" name=\"f906241e\" autocomplete=\"off\"><\/textarea><\/div>\n<div class=\"uagb-forms-form-hidden-data\"><input type=\"hidden\" class=\"uagb_forms_form_label\" value=\"Kontakt fr\u00e5n Svanseles hemsida\"\/><input type=\"hidden\" class=\"uagb_forms_form_id\" value=\"uagb-form-6fad3ad3\"\/><\/div><div class=\"uagb-form-reacaptcha-error-6fad3ad3\"><\/div><div class=\"uagb-forms-main-submit-button-wrap wp-block-button\"><button class=\"uagb-forms-main-submit-button wp-block-button__link\"><div class=\"uagb-forms-main-submit-button-text\">SEND<\/div><\/button><\/div><input type=\"hidden\" name=\"trp-form-language\" value=\"en\"\/><\/form><div class=\"uagb-forms-success-message-6fad3ad3 uagb-forms-submit-message-hide\"><span>There you go, it was sent. We will get back to you.<\/span><\/div><div class=\"uagb-forms-failed-message-6fad3ad3 uagb-forms-submit-message-hide\"><span>There has been a technical error somewhere. Please email or call, and tell us about this error so we can try to fix it!<\/span><\/div><\/div>\n<\/div>\n<\/div><\/div>","protected":false},"excerpt":{"rendered":"<p>contact us You can reach us here Get in touch with us Don't hesitate to get in touch with us, we will get back to you as soon as we can!<\/p>","protected":false},"author":4,"featured_media":0,"parent":0,"menu_order":0,"comment_status":"closed","ping_status":"closed","template":"","meta":{"_uag_custom_page_level_css":"","site-sidebar-layout":"no-sidebar","site-content-layout":"page-builder","ast-site-content-layout":"full-width-container","site-content-style":"unboxed","site-sidebar-style":"unboxed","ast-global-header-display":"","ast-banner-title-visibility":"","ast-main-header-display":"","ast-hfb-above-header-display":"","ast-hfb-below-header-display":"","ast-hfb-mobile-header-display":"","site-post-title":"disabled","ast-breadcrumbs-content":"","ast-featured-img":"disabled","footer-sml-layout":"","ast-disable-related-posts":"","theme-transparent-header-meta":"enabled","adv-header-id-meta":"","stick-header-meta":"","header-above-stick-meta":"","header-main-stick-meta":"","header-below-stick-meta":"","astra-migrate-meta-layouts":"set","ast-page-background-enabled":"default","ast-page-background-meta":{"desktop":{"background-color":"var(--ast-global-color-4)","background-image":"","background-repeat":"repeat","background-position":"center center","background-size":"auto","background-attachment":"scroll","background-type":"","background-media":"","overlay-type":"","overlay-color":"","overlay-opacity":"","overlay-gradient":""},"tablet":{"background-color":"","background-image":"","background-repeat":"repeat","background-position":"center center","background-size":"auto","background-attachment":"scroll","background-type":"","background-media":"","overlay-type":"","overlay-color":"","overlay-opacity":"","overlay-gradient":""},"mobile":{"background-color":"","background-image":"","background-repeat":"repeat","background-position":"center center","background-size":"auto","background-attachment":"scroll","background-type":"","background-media":"","overlay-type":"","overlay-color":"","overlay-opacity":"","overlay-gradient":""}},"ast-content-background-meta":{"desktop":{"background-color":"var(--ast-global-color-5)","background-image":"","background-repeat":"repeat","background-position":"center center","background-size":"auto","background-attachment":"scroll","background-type":"","background-media":"","overlay-type":"","overlay-color":"","overlay-opacity":"","overlay-gradient":""},"tablet":{"background-color":"var(--ast-global-color-5)","background-image":"","background-repeat":"repeat","background-position":"center center","background-size":"auto","background-attachment":"scroll","background-type":"","background-media":"","overlay-type":"","overlay-color":"","overlay-opacity":"","overlay-gradient":""},"mobile":{"background-color":"var(--ast-global-color-5)","background-image":"","background-repeat":"repeat","background-position":"center center","background-size":"auto","background-attachment":"scroll","background-type":"","background-media":"","overlay-type":"","overlay-color":"","overlay-opacity":"","overlay-gradient":""}},"footnotes":""},"class_list":["post-1328","page","type-page","status-publish","hentry"],"yoast_head":"<!-- This site is optimized with the Yoast SEO plugin v26.6 - https:\/\/yoast.com\/wordpress\/plugins\/seo\/ -->\n<title>Kontakta oss - Svansele Vildmark<\/title>\n<meta name=\"robots\" content=\"index, follow, max-snippet:-1, max-image-preview:large, max-video-preview:-1\" \/>\n<link rel=\"canonical\" href=\"https:\/\/svanselevildmark.com\/en\/contact\/\" \/>\n<meta property=\"og:locale\" content=\"en_GB\" \/>\n<meta property=\"og:type\" content=\"article\" \/>\n<meta property=\"og:title\" content=\"Kontakta oss - Svansele Vildmark\" \/>\n<meta property=\"og:description\" content=\"kontakta oss Du n\u00e5r oss h\u00e4r Kom i kontakt med oss Tveka inte att ta kontakt med oss, vi \u00e5terkommer s\u00e5 snart vi kan!\" \/>\n<meta property=\"og:url\" content=\"https:\/\/svanselevildmark.com\/en\/contact\/\" \/>\n<meta property=\"og:site_name\" content=\"Svansele Vildmark\" \/>\n<meta property=\"article:publisher\" content=\"https:\/\/www.facebook.com\/svanselevildmark\" \/>\n<meta property=\"article:modified_time\" content=\"2025-05-11T13:36:49+00:00\" \/>\n<meta name=\"twitter:card\" content=\"summary_large_image\" \/>\n<meta name=\"twitter:label1\" content=\"Estimated reading time\" \/>\n\t<meta name=\"twitter:data1\" content=\"1 minute\" \/>\n<script type=\"application\/ld+json\" class=\"yoast-schema-graph\">{\"@context\":\"https:\/\/schema.org\",\"@graph\":[{\"@type\":\"WebPage\",\"@id\":\"https:\/\/svanselevildmark.com\/contact\/\",\"url\":\"https:\/\/svanselevildmark.com\/contact\/\",\"name\":\"Kontakta oss - Svansele Vildmark\",\"isPartOf\":{\"@id\":\"https:\/\/svanselevildmark.com\/#website\"},\"datePublished\":\"2024-12-09T22:27:56+00:00\",\"dateModified\":\"2025-05-11T13:36:49+00:00\",\"breadcrumb\":{\"@id\":\"https:\/\/svanselevildmark.com\/contact\/#breadcrumb\"},\"inLanguage\":\"en-GB\",\"potentialAction\":[{\"@type\":\"ReadAction\",\"target\":[\"https:\/\/svanselevildmark.com\/contact\/\"]}]},{\"@type\":\"BreadcrumbList\",\"@id\":\"https:\/\/svanselevildmark.com\/contact\/#breadcrumb\",\"itemListElement\":[{\"@type\":\"ListItem\",\"position\":1,\"name\":\"Hem\",\"item\":\"https:\/\/svanselevildmark.com\/\"},{\"@type\":\"ListItem\",\"position\":2,\"name\":\"Kontakta oss\"}]},{\"@type\":\"WebSite\",\"@id\":\"https:\/\/svanselevildmark.com\/#website\",\"url\":\"https:\/\/svanselevildmark.com\/\",\"name\":\"Svansele Vildmark\",\"description\":\"\",\"publisher\":{\"@id\":\"https:\/\/svanselevildmark.com\/#organization\"},\"potentialAction\":[{\"@type\":\"SearchAction\",\"target\":{\"@type\":\"EntryPoint\",\"urlTemplate\":\"https:\/\/svanselevildmark.com\/?s={search_term_string}\"},\"query-input\":{\"@type\":\"PropertyValueSpecification\",\"valueRequired\":true,\"valueName\":\"search_term_string\"}}],\"inLanguage\":\"en-GB\"},{\"@type\":\"Organization\",\"@id\":\"https:\/\/svanselevildmark.com\/#organization\",\"name\":\"Svansele Vildmark\",\"url\":\"https:\/\/svanselevildmark.com\/\",\"logo\":{\"@type\":\"ImageObject\",\"inLanguage\":\"en-GB\",\"@id\":\"https:\/\/svanselevildmark.com\/#\/schema\/logo\/image\/\",\"url\":\"https:\/\/svanselevildmark.com\/wp-content\/uploads\/2024\/12\/zipwp-image-9194.png\",\"contentUrl\":\"https:\/\/svanselevildmark.com\/wp-content\/uploads\/2024\/12\/zipwp-image-9194.png\",\"width\":772,\"height\":519,\"caption\":\"Svansele Vildmark\"},\"image\":{\"@id\":\"https:\/\/svanselevildmark.com\/#\/schema\/logo\/image\/\"},\"sameAs\":[\"https:\/\/www.facebook.com\/svanselevildmark\",\"https:\/\/www.instagram.com\/svanselevildmark\"]}]}<\/script>\n<!-- \/ Yoast SEO plugin. -->","yoast_head_json":{"title":"Contact us - Svansele Vildmark","robots":{"index":"index","follow":"follow","max-snippet":"max-snippet:-1","max-image-preview":"max-image-preview:large","max-video-preview":"max-video-preview:-1"},"canonical":"https:\/\/svanselevildmark.com\/en\/contact\/","og_locale":"en_GB","og_type":"article","og_title":"Kontakta oss - Svansele Vildmark","og_description":"kontakta oss Du n\u00e5r oss h\u00e4r Kom i kontakt med oss Tveka inte att ta kontakt med oss, vi \u00e5terkommer s\u00e5 snart vi kan!","og_url":"https:\/\/svanselevildmark.com\/en\/contact\/","og_site_name":"Svansele Vildmark","article_publisher":"https:\/\/www.facebook.com\/svanselevildmark","article_modified_time":"2025-05-11T13:36:49+00:00","twitter_card":"summary_large_image","twitter_misc":{"Estimated reading time":"1 minute"},"schema":{"@context":"https:\/\/schema.org","@graph":[{"@type":"WebPage","@id":"https:\/\/svanselevildmark.com\/contact\/","url":"https:\/\/svanselevildmark.com\/contact\/","name":"Contact us - Svansele Vildmark","isPartOf":{"@id":"https:\/\/svanselevildmark.com\/#website"},"datePublished":"2024-12-09T22:27:56+00:00","dateModified":"2025-05-11T13:36:49+00:00","breadcrumb":{"@id":"https:\/\/svanselevildmark.com\/contact\/#breadcrumb"},"inLanguage":"en-GB","potentialAction":[{"@type":"ReadAction","target":["https:\/\/svanselevildmark.com\/contact\/"]}]},{"@type":"BreadcrumbList","@id":"https:\/\/svanselevildmark.com\/contact\/#breadcrumb","itemListElement":[{"@type":"ListItem","position":1,"name":"Hem","item":"https:\/\/svanselevildmark.com\/"},{"@type":"ListItem","position":2,"name":"Kontakta oss"}]},{"@type":"WebSite","@id":"https:\/\/svanselevildmark.com\/#website","url":"https:\/\/svanselevildmark.com\/","name":"Svansele Wilderness","description":"","publisher":{"@id":"https:\/\/svanselevildmark.com\/#organization"},"potentialAction":[{"@type":"SearchAction","target":{"@type":"EntryPoint","urlTemplate":"https:\/\/svanselevildmark.com\/?s={search_term_string}"},"query-input":{"@type":"PropertyValueSpecification","valueRequired":true,"valueName":"search_term_string"}}],"inLanguage":"en-GB"},{"@type":"Organization","@id":"https:\/\/svanselevildmark.com\/#organization","name":"Svansele Wilderness","url":"https:\/\/svanselevildmark.com\/","logo":{"@type":"ImageObject","inLanguage":"en-GB","@id":"https:\/\/svanselevildmark.com\/#\/schema\/logo\/image\/","url":"https:\/\/svanselevildmark.com\/wp-content\/uploads\/2024\/12\/zipwp-image-9194.png","contentUrl":"https:\/\/svanselevildmark.com\/wp-content\/uploads\/2024\/12\/zipwp-image-9194.png","width":772,"height":519,"caption":"Svansele Vildmark"},"image":{"@id":"https:\/\/svanselevildmark.com\/#\/schema\/logo\/image\/"},"sameAs":["https:\/\/www.facebook.com\/svanselevildmark","https:\/\/www.instagram.com\/svanselevildmark"]}]}},"uagb_featured_image_src":{"full":false,"thumbnail":false,"medium":false,"medium_large":false,"large":false,"1536x1536":false,"2048x2048":false,"trp-custom-language-flag":false},"uagb_author_info":{"display_name":"zn9c8wpyy9hj","author_link":"https:\/\/svanselevildmark.com\/en\/author\/zn9c8wpyy9hj\/"},"uagb_comment_info":0,"uagb_excerpt":"kontakta oss Du n\u00e5r oss h\u00e4r Kom i kontakt med oss Tveka inte att ta kontakt med oss, vi \u00e5terkommer s\u00e5 snart vi kan!","_links":{"self":[{"href":"https:\/\/svanselevildmark.com\/en\/wp-json\/wp\/v2\/pages\/1328","targetHints":{"allow":["GET"]}}],"collection":[{"href":"https:\/\/svanselevildmark.com\/en\/wp-json\/wp\/v2\/pages"}],"about":[{"href":"https:\/\/svanselevildmark.com\/en\/wp-json\/wp\/v2\/types\/page"}],"author":[{"embeddable":true,"href":"https:\/\/svanselevildmark.com\/en\/wp-json\/wp\/v2\/users\/4"}],"replies":[{"embeddable":true,"href":"https:\/\/svanselevildmark.com\/en\/wp-json\/wp\/v2\/comments?post=1328"}],"version-history":[{"count":41,"href":"https:\/\/svanselevildmark.com\/en\/wp-json\/wp\/v2\/pages\/1328\/revisions"}],"predecessor-version":[{"id":3221,"href":"https:\/\/svanselevildmark.com\/en\/wp-json\/wp\/v2\/pages\/1328\/revisions\/3221"}],"wp:attachment":[{"href":"https:\/\/svanselevildmark.com\/en\/wp-json\/wp\/v2\/media?parent=1328"}],"curies":[{"name":"wp","href":"https:\/\/api.w.org\/{rel}","templated":true}]}}