{"id":1322,"date":"2024-12-09T22:27:56","date_gmt":"2024-12-09T22:27:56","guid":{"rendered":"https:\/\/svanselevildmark.com\/home\/"},"modified":"2026-05-05T15:39:12","modified_gmt":"2026-05-05T13:39:12","slug":"home","status":"publish","type":"page","link":"https:\/\/svanselevildmark.com\/en\/","title":{"rendered":"Experience adventure in Svansele all year round"},"content":{"rendered":"<div class=\"wp-block-uagb-container uagb-block-494c42c4 alignfull uagb-is-root-container\"><div class=\"uagb-container__video-wrap\"><video autoplay loop muted playsinline><source src=\"https:\/\/svanselevildmark.com\/wp-content\/uploads\/2026\/05\/DJI_0269_6.mp4\" type=\"video\/mp4\"\/><\/video><\/div>\n<div class=\"wp-block-uagb-info-box uagb-block-cd2517a4 uagb-infobox__content-wrap  uagb-infobox-icon-above-title uagb-infobox-image-valign-top wp-block-uagb-info-box--has-margin\"><div class=\"uagb-infobox-margin-wrapper\"><div class=\"uagb-ifb-content\"><div class=\"uagb-ifb-title-wrap\"><h2 class=\"uagb-ifb-title-prefix\">welcome to<\/h2><h1 class=\"uagb-ifb-title\">svansele<\/h1><\/div><p class=\"uagb-ifb-desc translation-block\">In the heart of V\u00e4sterbotten.<br>\nThis is where the adventure begins.<\/p><div class=\"uagb-ifb-button-wrapper wp-block-button\"><a href=\"\/en\/adventure\/\" class=\"uagb-infobox-cta-link wp-block-button__link\" target=\"_self\" rel=\"noopener noreferrer\" onclick=\"return true;\"><span class=\"uagb-inline-editing\">COME ALONG<\/span><svg xmlns=\"https:\/\/www.w3.org\/2000\/svg\" viewbox=\"0 0 256 512\"><path d=\"M64 448c-8.188 0-16.38-3.125-22.62-9.375c-12.5-12.5-12.5-32.75 0-45.25L178.8 256L41.38 118.6c-12.5-12.5-12.5-32.75 0-45.25s32.75-12.5 45.25 0l160 160c12.5 12.5 12.5 32.75 0 45.25l-160 160C80.38 444.9 72.19 448 64 448z\"><\/path><\/svg><\/a><\/div><\/div><\/div><\/div>\n<\/div>\n\n\n\n\n\n<div class=\"wp-block-uagb-container uagb-block-8yctnmdf alignfull uagb-is-root-container\"><div class=\"uagb-container__shape uagb-container__shape-bottom uagb-container__invert\" data-negative=\"false\"><svg xmlns=\"https:\/\/www.w3.org\/2000\/svg\" viewbox=\"0 0 937.5 120\" preserveaspectratio=\"none\"><path class=\"uagb-container__shape-fill\" d=\"M937,129.8V-0.1H0v129.9C0,62.6,209.6,8.2,468.4,8.2S936.9,62.6,937,129.8z\"><\/path><\/svg><\/div>\n<div class=\"wp-block-uagb-image aligncenter uagb-block-hyusqtjz wp-block-uagb-image--layout-default wp-block-uagb-image--effect-static wp-block-uagb-image--align-center alignleft\"><figure class=\"wp-block-uagb-image__figure\"><img decoding=\"async\" srcset=\"https:\/\/svanselevildmark.com\/wp-content\/uploads\/2025\/05\/sommarrummet-1024x683.jpeg ,https:\/\/svanselevildmark.com\/wp-content\/uploads\/2025\/05\/sommarrummet.jpeg 780w, https:\/\/svanselevildmark.com\/wp-content\/uploads\/2025\/05\/sommarrummet.jpeg 360w\" sizes=\"auto, (max-width: 480px) 150px\" src=\"https:\/\/svanselevildmark.com\/wp-content\/uploads\/2025\/05\/sommarrummet-1024x683.jpeg\" alt=\"\" class=\"uag-image-2974\" width=\"1024\" height=\"683\" title=\"\" loading=\"lazy\" role=\"presentation\"\/><\/figure><\/div>\n\n\n\n<div class=\"wp-block-uagb-container uagb-block-xgzqagfk\">\n<div class=\"wp-block-uagb-info-box uagb-block-x39dbubp uagb-infobox__content-wrap  uagb-infobox-icon-above-title uagb-infobox-image-valign-top\"><div class=\"uagb-ifb-content\"><div class=\"uagb-ifb-title-wrap\"><h2 class=\"uagb-ifb-title\">Your adventure in Svansele - All year round<\/h2><\/div><div class=\"uagb-ifb-separator\"><\/div><p class=\"uagb-ifb-desc\">Here in Svansele you'll have the chance to experience something extraordinary, all year round. Whether you're looking for a winter thrill on snowmobiles or skis, or want to explore the lush nature reserves on quad bikes and bicycles, there's always an activity to suit you. <br><br>For those who really want to get close to nature, we offer our wilderness camp - a place where you can really become one with the raw and wild! Here you sleep in huts, enjoy the warmth of saunas and hot tubs, and experience the simple and authentic. <br><br>There's always something exciting happening in Svansele, so keep an eye out for upcoming activities and events. Take the chance to experience Norrland for real - the adventure in Svansele is waiting for you!<br><br><\/p><div class=\"uagb-ifb-button-wrapper wp-block-button\"><a href=\"https:\/\/svanselevildmark.com\/en\/adventure\/\" class=\"uagb-infobox-cta-link wp-block-button__link\" target=\"_self\" rel=\"noopener noreferrer\" onclick=\"return true;\"><span class=\"uagb-inline-editing\">Book your adventure with us<\/span><svg xmlns=\"https:\/\/www.w3.org\/2000\/svg\" viewbox=\"0 0 256 512\"><path d=\"M64 448c-8.188 0-16.38-3.125-22.62-9.375c-12.5-12.5-12.5-32.75 0-45.25L178.8 256L41.38 118.6c-12.5-12.5-12.5-32.75 0-45.25s32.75-12.5 45.25 0l160 160c12.5 12.5 12.5 32.75 0 45.25l-160 160C80.38 444.9 72.19 448 64 448z\"><\/path><\/svg><\/a><\/div><\/div><\/div>\n<\/div>\n<\/div>\n\n\n\n<div class=\"wp-block-uagb-container uagb-block-9ffed3f7 alignfull uagb-is-root-container\">\n<div class=\"wp-block-uagb-container uagb-block-wvt6cqtn\">\n<div data-aos= \"fade\" data-aos-duration=\"400\" data-aos-delay=\"0\" data-aos-easing=\"ease\" data-aos-once=\"true\" class=\"wp-block-uagb-container uagb-block-ybvz7xox\">\n<div class=\"wp-block-uagb-info-box uagb-block-facilfvu uagb-infobox__content-wrap  uagb-infobox-icon-above-title uagb-infobox-image-valign-top\"><div class=\"uagb-ifb-content\"><div class=\"uagb-ifb-title-wrap\"><h3 class=\"uagb-ifb-title\">Restaurant Vildsint<\/h3><\/div><p class=\"uagb-ifb-desc\">We have grown our restaurant and now, in addition to drop in and group bookings we also offer weddings and memorials. <br><\/p><div class=\"uagb-ifb-button-wrapper wp-block-button\"><a href=\"https:\/\/svanselevildmark.com\/en\/restaurant-vildsint\/\" target=\"_self\" onclick=\"return true;\" class=\"uagb-infobox-cta-link\" rel=\"noopener noreferrer\"><span class=\"uagb-inline-editing\">Read More<\/span><svg xmlns=\"https:\/\/www.w3.org\/2000\/svg\" viewbox=\"0 0 256 512\"><path d=\"M64 448c-8.188 0-16.38-3.125-22.62-9.375c-12.5-12.5-12.5-32.75 0-45.25L178.8 256L41.38 118.6c-12.5-12.5-12.5-32.75 0-45.25s32.75-12.5 45.25 0l160 160c12.5 12.5 12.5 32.75 0 45.25l-160 160C80.38 444.9 72.19 448 64 448z\"><\/path><\/svg><\/a><\/div><\/div><\/div>\n<\/div>\n\n\n\n<div data-aos= \"fade\" data-aos-duration=\"400\" data-aos-delay=\"0\" data-aos-easing=\"ease\" data-aos-once=\"true\" class=\"wp-block-uagb-container uagb-block-ixh2hlfe\">\n<div class=\"wp-block-uagb-info-box uagb-block-e1vdt3fp uagb-infobox__content-wrap  uagb-infobox-icon-above-title uagb-infobox-image-valign-top\"><div class=\"uagb-ifb-content\"><div class=\"uagb-ifb-title-wrap\"><h3 class=\"uagb-ifb-title\">The Wilderness Exhibition<\/h3><\/div><p class=\"uagb-ifb-desc\">We dare to say that this exhibition is unique in the world. Here you can see the Nordic fauna in dramatic scenes from real life.<br><\/p><div class=\"uagb-ifb-button-wrapper wp-block-button\"><a href=\"https:\/\/svanselevildmark.com\/en\/the-wilderness-display\/\" target=\"_self\" onclick=\"return true;\" class=\"uagb-infobox-cta-link\" rel=\"noopener noreferrer\"><span class=\"uagb-inline-editing\">Read More<\/span><svg xmlns=\"https:\/\/www.w3.org\/2000\/svg\" viewbox=\"0 0 256 512\"><path d=\"M64 448c-8.188 0-16.38-3.125-22.62-9.375c-12.5-12.5-12.5-32.75 0-45.25L178.8 256L41.38 118.6c-12.5-12.5-12.5-32.75 0-45.25s32.75-12.5 45.25 0l160 160c12.5 12.5 12.5 32.75 0 45.25l-160 160C80.38 444.9 72.19 448 64 448z\"><\/path><\/svg><\/a><\/div><\/div><\/div>\n<\/div>\n\n\n\n<div data-aos= \"fade\" data-aos-duration=\"400\" data-aos-delay=\"0\" data-aos-easing=\"ease\" data-aos-once=\"true\" class=\"wp-block-uagb-container uagb-block-fle2riku\">\n<div class=\"wp-block-uagb-info-box uagb-block-3f6ymkmd uagb-infobox__content-wrap  uagb-infobox-icon-above-title uagb-infobox-image-valign-top\"><div class=\"uagb-ifb-content\"><div class=\"uagb-ifb-title-wrap\"><h3 class=\"uagb-ifb-title\">The adventure<\/h3><\/div><p class=\"uagb-ifb-desc\">Our activities are about the nature of Norrland and how people have lived with it for generations.<br><\/p><div class=\"uagb-ifb-button-wrapper wp-block-button\"><a href=\"https:\/\/svanselevildmark.com\/en\/adventure\/\" target=\"_self\" onclick=\"return true;\" class=\"uagb-infobox-cta-link\" rel=\"noopener noreferrer\"><span class=\"uagb-inline-editing\">Read More<\/span><svg xmlns=\"https:\/\/www.w3.org\/2000\/svg\" viewbox=\"0 0 256 512\"><path d=\"M64 448c-8.188 0-16.38-3.125-22.62-9.375c-12.5-12.5-12.5-32.75 0-45.25L178.8 256L41.38 118.6c-12.5-12.5-12.5-32.75 0-45.25s32.75-12.5 45.25 0l160 160c12.5 12.5 12.5 32.75 0 45.25l-160 160C80.38 444.9 72.19 448 64 448z\"><\/path><\/svg><\/a><\/div><\/div><\/div>\n<\/div>\n<\/div>\n<\/div>\n\n\n\n<div class=\"wp-block-uagb-container uagb-layout-grid uagb-block-0186287e alignfull uagb-is-root-container\"><div class=\"uagb-container__shape uagb-container__shape-top uagb-container__shape-flip\"><svg xmlns=\"https:\/\/www.w3.org\/2000\/svg\" viewbox=\"0 0 1000 100\" preserveaspectratio=\"none\"><path class=\"uagb-container__shape-fill\" d=\"M421.9,6.5c22.6-2.5,51.5,0.4,75.5,5.3c23.6,4.9,70.9,23.5,100.5,35.7c75.8,32.2,133.7,44.5,192.6,49.7  c23.6,2.1,48.7,3.5,103.4-2.5c54.7-6,106.2-25.6,106.2-25.6V0H0v30.3c0,0,72,32.6,158.4,30.5c39.2-0.7,92.8-6.7,134-22.4  c21.2-8.1,52.2-18.2,79.7-24.2C399.3,7.9,411.6,7.5,421.9,6.5z\"><\/path><\/svg><\/div><div class=\"uagb-container-inner-blocks-wrap\">\n<div class=\"wp-block-uagb-info-box uagb-block-03550eeb uagb-infobox__content-wrap  uagb-infobox-icon-above-title uagb-infobox-image-valign-top wp-block-uagb-info-box--has-margin\"><div class=\"uagb-infobox-margin-wrapper\"><div class=\"uagb-ifb-content\"><div class=\"uagb-ifb-title-wrap\"><span class=\"uagb-ifb-title-prefix\">ABOUT US<\/span><h4 class=\"uagb-ifb-title\">We are passionate about wild adventures. Always have, always will.<\/h4><\/div><p class=\"uagb-ifb-desc\">Adventures in Svansele \u2013 that passion has always been there. We want Norrland to thrive and for more people to discover the incredible potential of these beautiful untamed landscapes.  \nSvansele Wilderness Center was founded in the 1990s by a true legend, and we\u2019ve remained true to our heritage of adventure and wilderness. But now, we\u2019re looking forward to the next chapter, something new and modern, and an even more vibrant Svansele. \nWe promise \u2013 whether you seek tranquility or excitement, Svansele will always be a place where the adventure is just around the corner.<\/p><div class=\"uagb-ifb-button-wrapper wp-block-button\"><a href=\"\/en\/about\/\" class=\"uagb-infobox-cta-link wp-block-button__link\" target=\"_self\" rel=\"noopener noreferrer\" onclick=\"return true;\"><span class=\"uagb-inline-editing\">OUR HISTORY<\/span><\/a><\/div><\/div><\/div><\/div>\n\n\n\n<div class=\"wp-block-uagb-image alignright uagb-block-37933192 wp-block-uagb-image--layout-default wp-block-uagb-image--effect-static wp-block-uagb-image--align-right\"><figure class=\"wp-block-uagb-image__figure\"><img decoding=\"async\" srcset=\"https:\/\/svanselevildmark.com\/wp-content\/uploads\/2024\/12\/2011-03-20-11.46.59-1-edited-768x1024.jpg ,https:\/\/svanselevildmark.com\/wp-content\/uploads\/2024\/12\/2011-03-20-11.46.59-1.jpg 780w, https:\/\/svanselevildmark.com\/wp-content\/uploads\/2024\/12\/2011-03-20-11.46.59-1.jpg 360w\" sizes=\"auto, (max-width: 480px) 150px\" src=\"https:\/\/svanselevildmark.com\/wp-content\/uploads\/2024\/12\/2011-03-20-11.46.59-1-edited-768x1024.jpg\" alt=\"Reindeer in reindeer calf in Svansele\" class=\"uag-image-2244\" width=\"768\" height=\"1024\" title=\"\" loading=\"lazy\" role=\"img\"\/><\/figure><\/div>\n<\/div><\/div>\n\n\n\n\n\n<div class=\"wp-block-uagb-container uagb-block-fb32e4bf alignfull uagb-is-root-container\"><div class=\"uagb-container__shape uagb-container__shape-top\"><svg xmlns=\"https:\/\/www.w3.org\/2000\/svg\" viewbox=\"0 0 1000 100\" preserveaspectratio=\"none\"><path class=\"uagb-container__shape-fill\" d=\"M194,99c186.7,0.7,305-78.3,306-97.2c1,18.9,119.3,97.9,306,97.2c114.3-0.3,194,0.3,194,0.3s0-91.7,0-100c0,0,0,0,0-0 L0,0v99.3C0,99.3,79.7,98.7,194,99z\"><\/path><\/svg><\/div>\n<div class=\"wp-block-uagb-info-box uagb-block-54aaf525 uagb-infobox__content-wrap  uagb-infobox-icon-below-title uagb-infobox-image-valign-top\"><div class=\"uagb-ifb-content\"><div class=\"uagb-ifb-title-wrap\"><h4 class=\"uagb-ifb-title\">\"The business conference was something out of the ordinary. We booked a tailor-made package with conference, accommodation in a cabin, sauna, swimming and snowmobile safari... <br>which ended in a northern experience we will never forget!\"<\/h4><\/div><div class=\"uagb-ifb-image-content\"><img decoding=\"async\" src=\"https:\/\/svanselevildmark.com\/wp-content\/uploads\/2024\/12\/tripadvisor-icon-150x150.webp\" alt=\"\" width=\"50\" height=\"50\" loading=\"lazy\"\/><\/div><p class=\"uagb-ifb-desc\">Review, Tripadvisor (translated from Swedish)<\/p><\/div><\/div>\n<\/div>","protected":false},"excerpt":{"rendered":"","protected":false},"author":4,"featured_media":317,"parent":0,"menu_order":0,"comment_status":"closed","ping_status":"closed","template":"","meta":{"_uag_custom_page_level_css":"","site-sidebar-layout":"no-sidebar","site-content-layout":"page-builder","ast-site-content-layout":"full-width-container","site-content-style":"default","site-sidebar-style":"unboxed","ast-global-header-display":"","ast-banner-title-visibility":"","ast-main-header-display":"","ast-hfb-above-header-display":"","ast-hfb-below-header-display":"","ast-hfb-mobile-header-display":"","site-post-title":"disabled","ast-breadcrumbs-content":"","ast-featured-img":"disabled","footer-sml-layout":"","ast-disable-related-posts":"","theme-transparent-header-meta":"enabled","adv-header-id-meta":"","stick-header-meta":"","header-above-stick-meta":"","header-main-stick-meta":"","header-below-stick-meta":"","astra-migrate-meta-layouts":"set","ast-page-background-enabled":"default","ast-page-background-meta":{"desktop":{"background-color":"var(--ast-global-color-4)","background-image":"","background-repeat":"repeat","background-position":"center center","background-size":"auto","background-attachment":"scroll","background-type":"","background-media":"","overlay-type":"","overlay-color":"","overlay-opacity":"","overlay-gradient":""},"tablet":{"background-color":"","background-image":"","background-repeat":"repeat","background-position":"center center","background-size":"auto","background-attachment":"scroll","background-type":"","background-media":"","overlay-type":"","overlay-color":"","overlay-opacity":"","overlay-gradient":""},"mobile":{"background-color":"","background-image":"","background-repeat":"repeat","background-position":"center center","background-size":"auto","background-attachment":"scroll","background-type":"","background-media":"","overlay-type":"","overlay-color":"","overlay-opacity":"","overlay-gradient":""}},"ast-content-background-meta":{"desktop":{"background-color":"var(--ast-global-color-5)","background-image":"","background-repeat":"repeat","background-position":"center center","background-size":"auto","background-attachment":"scroll","background-type":"","background-media":"","overlay-type":"","overlay-color":"","overlay-opacity":"","overlay-gradient":""},"tablet":{"background-color":"var(--ast-global-color-5)","background-image":"","background-repeat":"repeat","background-position":"center center","background-size":"auto","background-attachment":"scroll","background-type":"","background-media":"","overlay-type":"","overlay-color":"","overlay-opacity":"","overlay-gradient":""},"mobile":{"background-color":"var(--ast-global-color-5)","background-image":"","background-repeat":"repeat","background-position":"center center","background-size":"auto","background-attachment":"scroll","background-type":"","background-media":"","overlay-type":"","overlay-color":"","overlay-opacity":"","overlay-gradient":""}},"footnotes":""},"class_list":["post-1322","page","type-page","status-publish","has-post-thumbnail","hentry"],"yoast_head":"<!-- This site is optimized with the Yoast SEO plugin v26.6 - https:\/\/yoast.com\/wordpress\/plugins\/seo\/ -->\n<title>Upplev \u00e4ventyr i Svansele \u00e5ret runt - Svansele Vildmark<\/title>\n<meta name=\"description\" content=\"\u00c4ventyr i Svansele: Skoter, fyrhjuling eller vildmarkscamp med k\u00e5tor, bastu och bad. Upplev natur och vildmark \u00e5ret runt i Norrland!\" \/>\n<meta name=\"robots\" content=\"index, follow, max-snippet:-1, max-image-preview:large, max-video-preview:-1\" \/>\n<link rel=\"canonical\" href=\"https:\/\/svanselevildmark.com\/en\/\" \/>\n<meta property=\"og:locale\" content=\"en_GB\" \/>\n<meta property=\"og:type\" content=\"article\" \/>\n<meta property=\"og:title\" content=\"Upplev \u00e4ventyr i Svansele \u00e5ret runt - Svansele Vildmark\" \/>\n<meta property=\"og:description\" content=\"\u00c4ventyr i Svansele: Skoter, fyrhjuling eller vildmarkscamp med k\u00e5tor, bastu och bad. Upplev natur och vildmark \u00e5ret runt i Norrland!\" \/>\n<meta property=\"og:url\" content=\"https:\/\/svanselevildmark.com\/en\/\" \/>\n<meta property=\"og:site_name\" content=\"Svansele Vildmark\" \/>\n<meta property=\"article:publisher\" content=\"https:\/\/www.facebook.com\/svanselevildmark\" \/>\n<meta property=\"article:modified_time\" content=\"2026-05-05T13:39:12+00:00\" \/>\n<meta property=\"og:image\" content=\"https:\/\/svanselevildmark.com\/wp-content\/uploads\/2024\/12\/2013-01-20-011651.jpg\" \/>\n\t<meta property=\"og:image:width\" content=\"2000\" \/>\n\t<meta property=\"og:image:height\" content=\"1331\" \/>\n\t<meta property=\"og:image:type\" content=\"image\/jpeg\" \/>\n<meta name=\"twitter:card\" content=\"summary_large_image\" \/>\n<meta name=\"twitter:label1\" content=\"Estimated reading time\" \/>\n\t<meta name=\"twitter:data1\" content=\"3 minutes\" \/>\n<script type=\"application\/ld+json\" class=\"yoast-schema-graph\">{\"@context\":\"https:\/\/schema.org\",\"@graph\":[{\"@type\":\"WebPage\",\"@id\":\"https:\/\/svanselevildmark.com\/\",\"url\":\"https:\/\/svanselevildmark.com\/\",\"name\":\"Upplev \u00e4ventyr i Svansele \u00e5ret runt - Svansele Vildmark\",\"isPartOf\":{\"@id\":\"https:\/\/svanselevildmark.com\/#website\"},\"primaryImageOfPage\":{\"@id\":\"https:\/\/svanselevildmark.com\/#primaryimage\"},\"image\":{\"@id\":\"https:\/\/svanselevildmark.com\/#primaryimage\"},\"thumbnailUrl\":\"https:\/\/svanselevildmark.com\/wp-content\/uploads\/2024\/12\/2013-01-20-011651.jpg\",\"datePublished\":\"2024-12-09T22:27:56+00:00\",\"dateModified\":\"2026-05-05T13:39:12+00:00\",\"description\":\"\u00c4ventyr i Svansele: Skoter, fyrhjuling eller vildmarkscamp med k\u00e5tor, bastu och bad. Upplev natur och vildmark \u00e5ret runt i Norrland!\",\"breadcrumb\":{\"@id\":\"https:\/\/svanselevildmark.com\/#breadcrumb\"},\"inLanguage\":\"en-GB\",\"potentialAction\":[{\"@type\":\"ReadAction\",\"target\":[\"https:\/\/svanselevildmark.com\/\"]}]},{\"@type\":\"ImageObject\",\"inLanguage\":\"en-GB\",\"@id\":\"https:\/\/svanselevildmark.com\/#primaryimage\",\"url\":\"https:\/\/svanselevildmark.com\/wp-content\/uploads\/2024\/12\/2013-01-20-011651.jpg\",\"contentUrl\":\"https:\/\/svanselevildmark.com\/wp-content\/uploads\/2024\/12\/2013-01-20-011651.jpg\",\"width\":2000,\"height\":1331,\"caption\":\"\u00c4lgkalven\"},{\"@type\":\"BreadcrumbList\",\"@id\":\"https:\/\/svanselevildmark.com\/#breadcrumb\",\"itemListElement\":[{\"@type\":\"ListItem\",\"position\":1,\"name\":\"Hem\",\"item\":\"https:\/\/svanselevildmark.com\/\"},{\"@type\":\"ListItem\",\"position\":2,\"name\":\"Upplev \u00e4ventyr i Svansele \u00e5ret runt\"}]},{\"@type\":\"WebSite\",\"@id\":\"https:\/\/svanselevildmark.com\/#website\",\"url\":\"https:\/\/svanselevildmark.com\/\",\"name\":\"Svansele Vildmark\",\"description\":\"\",\"publisher\":{\"@id\":\"https:\/\/svanselevildmark.com\/#organization\"},\"potentialAction\":[{\"@type\":\"SearchAction\",\"target\":{\"@type\":\"EntryPoint\",\"urlTemplate\":\"https:\/\/svanselevildmark.com\/?s={search_term_string}\"},\"query-input\":{\"@type\":\"PropertyValueSpecification\",\"valueRequired\":true,\"valueName\":\"search_term_string\"}}],\"inLanguage\":\"en-GB\"},{\"@type\":\"Organization\",\"@id\":\"https:\/\/svanselevildmark.com\/#organization\",\"name\":\"Svansele Vildmark\",\"url\":\"https:\/\/svanselevildmark.com\/\",\"logo\":{\"@type\":\"ImageObject\",\"inLanguage\":\"en-GB\",\"@id\":\"https:\/\/svanselevildmark.com\/#\/schema\/logo\/image\/\",\"url\":\"https:\/\/svanselevildmark.com\/wp-content\/uploads\/2024\/12\/zipwp-image-9194.png\",\"contentUrl\":\"https:\/\/svanselevildmark.com\/wp-content\/uploads\/2024\/12\/zipwp-image-9194.png\",\"width\":772,\"height\":519,\"caption\":\"Svansele Vildmark\"},\"image\":{\"@id\":\"https:\/\/svanselevildmark.com\/#\/schema\/logo\/image\/\"},\"sameAs\":[\"https:\/\/www.facebook.com\/svanselevildmark\",\"https:\/\/www.instagram.com\/svanselevildmark\"]}]}<\/script>\n<!-- \/ Yoast SEO plugin. -->","yoast_head_json":{"title":"Experience adventure in Svansele all year round - Svansele Vildmark","description":"Adventure in Svansele: Snowmobiling, quad biking or wilderness camp with huts, sauna and swimming. Experience nature and wilderness all year round in Norrland!","robots":{"index":"index","follow":"follow","max-snippet":"max-snippet:-1","max-image-preview":"max-image-preview:large","max-video-preview":"max-video-preview:-1"},"canonical":"https:\/\/svanselevildmark.com\/en\/","og_locale":"en_GB","og_type":"article","og_title":"Upplev \u00e4ventyr i Svansele \u00e5ret runt - Svansele Vildmark","og_description":"\u00c4ventyr i Svansele: Skoter, fyrhjuling eller vildmarkscamp med k\u00e5tor, bastu och bad. Upplev natur och vildmark \u00e5ret runt i Norrland!","og_url":"https:\/\/svanselevildmark.com\/en\/","og_site_name":"Svansele Vildmark","article_publisher":"https:\/\/www.facebook.com\/svanselevildmark","article_modified_time":"2026-05-05T13:39:12+00:00","og_image":[{"width":2000,"height":1331,"url":"https:\/\/svanselevildmark.com\/wp-content\/uploads\/2024\/12\/2013-01-20-011651.jpg","type":"image\/jpeg"}],"twitter_card":"summary_large_image","twitter_misc":{"Estimated reading time":"3 minutes"},"schema":{"@context":"https:\/\/schema.org","@graph":[{"@type":"WebPage","@id":"https:\/\/svanselevildmark.com\/","url":"https:\/\/svanselevildmark.com\/","name":"Experience adventure in Svansele all year round - Svansele Vildmark","isPartOf":{"@id":"https:\/\/svanselevildmark.com\/#website"},"primaryImageOfPage":{"@id":"https:\/\/svanselevildmark.com\/#primaryimage"},"image":{"@id":"https:\/\/svanselevildmark.com\/#primaryimage"},"thumbnailUrl":"https:\/\/svanselevildmark.com\/wp-content\/uploads\/2024\/12\/2013-01-20-011651.jpg","datePublished":"2024-12-09T22:27:56+00:00","dateModified":"2026-05-05T13:39:12+00:00","description":"Adventure in Svansele: Snowmobiling, quad biking or wilderness camp with huts, sauna and swimming. Experience nature and wilderness all year round in Norrland!","breadcrumb":{"@id":"https:\/\/svanselevildmark.com\/#breadcrumb"},"inLanguage":"en-GB","potentialAction":[{"@type":"ReadAction","target":["https:\/\/svanselevildmark.com\/"]}]},{"@type":"ImageObject","inLanguage":"en-GB","@id":"https:\/\/svanselevildmark.com\/#primaryimage","url":"https:\/\/svanselevildmark.com\/wp-content\/uploads\/2024\/12\/2013-01-20-011651.jpg","contentUrl":"https:\/\/svanselevildmark.com\/wp-content\/uploads\/2024\/12\/2013-01-20-011651.jpg","width":2000,"height":1331,"caption":"\u00c4lgkalven"},{"@type":"BreadcrumbList","@id":"https:\/\/svanselevildmark.com\/#breadcrumb","itemListElement":[{"@type":"ListItem","position":1,"name":"Hem","item":"https:\/\/svanselevildmark.com\/"},{"@type":"ListItem","position":2,"name":"Upplev \u00e4ventyr i Svansele \u00e5ret runt"}]},{"@type":"WebSite","@id":"https:\/\/svanselevildmark.com\/#website","url":"https:\/\/svanselevildmark.com\/","name":"Svansele Wilderness","description":"","publisher":{"@id":"https:\/\/svanselevildmark.com\/#organization"},"potentialAction":[{"@type":"SearchAction","target":{"@type":"EntryPoint","urlTemplate":"https:\/\/svanselevildmark.com\/?s={search_term_string}"},"query-input":{"@type":"PropertyValueSpecification","valueRequired":true,"valueName":"search_term_string"}}],"inLanguage":"en-GB"},{"@type":"Organization","@id":"https:\/\/svanselevildmark.com\/#organization","name":"Svansele Wilderness","url":"https:\/\/svanselevildmark.com\/","logo":{"@type":"ImageObject","inLanguage":"en-GB","@id":"https:\/\/svanselevildmark.com\/#\/schema\/logo\/image\/","url":"https:\/\/svanselevildmark.com\/wp-content\/uploads\/2024\/12\/zipwp-image-9194.png","contentUrl":"https:\/\/svanselevildmark.com\/wp-content\/uploads\/2024\/12\/zipwp-image-9194.png","width":772,"height":519,"caption":"Svansele Vildmark"},"image":{"@id":"https:\/\/svanselevildmark.com\/#\/schema\/logo\/image\/"},"sameAs":["https:\/\/www.facebook.com\/svanselevildmark","https:\/\/www.instagram.com\/svanselevildmark"]}]}},"uagb_featured_image_src":{"full":["https:\/\/svanselevildmark.com\/wp-content\/uploads\/2024\/12\/2013-01-20-011651.jpg",2000,1331,false],"thumbnail":["https:\/\/svanselevildmark.com\/wp-content\/uploads\/2024\/12\/2013-01-20-011651-150x150.jpg",150,150,true],"medium":["https:\/\/svanselevildmark.com\/wp-content\/uploads\/2024\/12\/2013-01-20-011651-300x200.jpg",300,200,true],"medium_large":["https:\/\/svanselevildmark.com\/wp-content\/uploads\/2024\/12\/2013-01-20-011651-768x511.jpg",768,511,true],"large":["https:\/\/svanselevildmark.com\/wp-content\/uploads\/2024\/12\/2013-01-20-011651-1024x681.jpg",1024,681,true],"1536x1536":["https:\/\/svanselevildmark.com\/wp-content\/uploads\/2024\/12\/2013-01-20-011651-1536x1022.jpg",1536,1022,true],"2048x2048":["https:\/\/svanselevildmark.com\/wp-content\/uploads\/2024\/12\/2013-01-20-011651.jpg",2000,1331,false],"trp-custom-language-flag":["https:\/\/svanselevildmark.com\/wp-content\/uploads\/2024\/12\/2013-01-20-011651.jpg",18,12,false]},"uagb_author_info":{"display_name":"zn9c8wpyy9hj","author_link":"https:\/\/svanselevildmark.com\/en\/author\/zn9c8wpyy9hj\/"},"uagb_comment_info":0,"uagb_excerpt":null,"_links":{"self":[{"href":"https:\/\/svanselevildmark.com\/en\/wp-json\/wp\/v2\/pages\/1322","targetHints":{"allow":["GET"]}}],"collection":[{"href":"https:\/\/svanselevildmark.com\/en\/wp-json\/wp\/v2\/pages"}],"about":[{"href":"https:\/\/svanselevildmark.com\/en\/wp-json\/wp\/v2\/types\/page"}],"author":[{"embeddable":true,"href":"https:\/\/svanselevildmark.com\/en\/wp-json\/wp\/v2\/users\/4"}],"replies":[{"embeddable":true,"href":"https:\/\/svanselevildmark.com\/en\/wp-json\/wp\/v2\/comments?post=1322"}],"version-history":[{"count":193,"href":"https:\/\/svanselevildmark.com\/en\/wp-json\/wp\/v2\/pages\/1322\/revisions"}],"predecessor-version":[{"id":4816,"href":"https:\/\/svanselevildmark.com\/en\/wp-json\/wp\/v2\/pages\/1322\/revisions\/4816"}],"wp:featuredmedia":[{"embeddable":true,"href":"https:\/\/svanselevildmark.com\/en\/wp-json\/wp\/v2\/media\/317"}],"wp:attachment":[{"href":"https:\/\/svanselevildmark.com\/en\/wp-json\/wp\/v2\/media?parent=1322"}],"curies":[{"name":"wp","href":"https:\/\/api.w.org\/{rel}","templated":true}]}}