{"id":1324,"date":"2024-12-09T22:27:56","date_gmt":"2024-12-09T22:27:56","guid":{"rendered":"https:\/\/svanselevildmark.com\/about-2\/"},"modified":"2025-05-24T17:30:48","modified_gmt":"2025-05-24T15:30:48","slug":"uber","status":"publish","type":"page","link":"https:\/\/svanselevildmark.com\/de\/uber\/","title":{"rendered":"\u00dcber uns"},"content":{"rendered":"<div class=\"wp-block-uagb-container uagb-block-3ad17e27 alignfull uagb-is-root-container\"><div class=\"uagb-container-inner-blocks-wrap\">\n<div class=\"wp-block-uagb-advanced-heading uagb-block-8a1eebc0\"><h1 class=\"uagb-heading-text\">\u00dcber uns<\/h1><\/div>\n<\/div><\/div>\n\n\n\n<div class=\"wp-block-uagb-container uagb-block-f8ec2bd3 alignfull uagb-is-root-container\"><div class=\"uagb-container-inner-blocks-wrap\">\n<div class=\"wp-block-uagb-advanced-heading uagb-block-e874992d\"><h4 class=\"uagb-heading-text\">Wir bieten unvergessliche Abenteuer und Erlebnisse im Herzen der n\u00f6rdlichen Wildnis.<\/h4><\/div>\n\n\n\n<div class=\"wp-block-uagb-image aligncenter uagb-block-2d710799 wp-block-uagb-image--layout-default wp-block-uagb-image--effect-static wp-block-uagb-image--align-center\"><figure class=\"wp-block-uagb-image__figure\"><img decoding=\"async\" srcset=\"https:\/\/svanselevildmark.com\/wp-content\/uploads\/2024\/12\/Kopia-av-2006-02-19-10.35.22-1024x682.jpg ,https:\/\/svanselevildmark.com\/wp-content\/uploads\/2024\/12\/Kopia-av-2006-02-19-10.35.22.jpg 780w, https:\/\/svanselevildmark.com\/wp-content\/uploads\/2024\/12\/Kopia-av-2006-02-19-10.35.22.jpg 360w\" sizes=\"auto, (max-width: 480px) 150px\" src=\"https:\/\/svanselevildmark.com\/wp-content\/uploads\/2024\/12\/Kopia-av-2006-02-19-10.35.22-1024x682.jpg\" alt=\"\" class=\"uag-image-2283\" width=\"1170\" height=\"600\" title=\"Kopie vom 2006-02-19 10.35.22\" loading=\"lazy\" role=\"img\"\/><\/figure><\/div>\n\n\n\n<div class=\"wp-block-uagb-container uagb-block-72514f6d\">\n<div class=\"wp-block-uagb-advanced-heading uagb-block-b317ae0b\"><h3 class=\"uagb-heading-text\">Unsere Geschichte<\/h3><p class=\"uagb-desc-text\">Svansele Vildmarkcenter wurde 1996 von Torbj\u00f6rn Holmlund gegr\u00fcndet, einem Vision\u00e4r, dem die unber\u00fchrte Wildnis Norrlands schon immer am Herzen lag. Manches ist seither gleich geblieben, manches ist anders, aber unsere Liebe zur Natur und zum Erlebnis der Wildnis ist geblieben.<\/p><\/div>\n\n\n\n<div class=\"wp-block-uagb-advanced-heading uagb-block-3b00767d\"><h3 class=\"uagb-heading-text\">Svansele 2.0<\/h3><p class=\"uagb-desc-text\">Jetzt sind wir stolz, Ihnen Folgendes zu pr\u00e4sentieren <strong>Svansele 2.0<\/strong> - unser n\u00e4chstes Kapitel. Wir modernisieren und verfeinern unser Konzept. Wir behalten das, was uns einzigartig macht - die authentische, unber\u00fchrte Natur - und kombinieren es mit aufregenden neuen Angeboten, um einen Ort zu schaffen, an dem sich Natur und Neugierde treffen.<\/p><\/div>\n<\/div>\n<\/div><\/div>\n\n\n\n<div class=\"wp-block-uagb-container uagb-block-61e8ac2a alignfull uagb-is-root-container\"><div class=\"uagb-container-inner-blocks-wrap\">\n<div class=\"wp-block-uagb-info-box uagb-block-54aaf525 uagb-infobox__content-wrap  uagb-infobox-icon-below-title uagb-infobox-image-valign-top\"><div class=\"uagb-ifb-content\"><div class=\"uagb-ifb-title-wrap\"><h4 class=\"uagb-ifb-title\">\"Ein gro\u00dfes Plus von Svansele ist die enorme Flexibilit\u00e4t. Wir k\u00f6nnen selbst entscheiden, wie unangenehm oder angenehm die Wildnis f\u00fcr uns sein soll, und es kann auch innerhalb der Gruppe je nach Bedingungen und W\u00fcnschen unterschiedlich gehandhabt werden. Das Svansele Wilderness Centre ist einfach fantastisch im Zuh\u00f6ren und Umsetzen.\"<\/h4><\/div><div class=\"uagb-ifb-image-content\"><img decoding=\"async\" src=\"https:\/\/svanselevildmark.com\/wp-content\/uploads\/2024\/12\/tripadvisor-icon-150x150.webp\" alt=\"\" width=\"50\" height=\"50\" loading=\"lazy\"\/><\/div><p class=\"uagb-ifb-desc\">Kundenbewertung, Tripadvisor (\u00fcbersetzt aus dem Schwedischen)<\/p><\/div><\/div>\n<\/div><\/div>","protected":false},"excerpt":{"rendered":"<p>om oss Vi erbjuder of\u00f6rgl\u00f6mliga \u00e4ventyr och upplevelser i hj\u00e4rtat av den norrl\u00e4ndska vildmarken. V\u00e5r historia Svansele Vildmarkcenter grundades 1996 av Torbj\u00f6rn Holmlund, en vision\u00e4r som alltid brunnit f\u00f6r den or\u00f6rda norrl\u00e4ndska vildmarken. En del \u00e4r samma sedan dess, en del \u00e4r annorlunda, men v\u00e5r k\u00e4rlek till naturen och den vilda upplevelsen best\u00e5r. Svansele 2.0 [&hellip;]<\/p>","protected":false},"author":4,"featured_media":0,"parent":0,"menu_order":0,"comment_status":"closed","ping_status":"closed","template":"","meta":{"_uag_custom_page_level_css":"","site-sidebar-layout":"no-sidebar","site-content-layout":"page-builder","ast-site-content-layout":"full-width-container","site-content-style":"unboxed","site-sidebar-style":"default","ast-global-header-display":"","ast-banner-title-visibility":"","ast-main-header-display":"","ast-hfb-above-header-display":"","ast-hfb-below-header-display":"","ast-hfb-mobile-header-display":"","site-post-title":"disabled","ast-breadcrumbs-content":"","ast-featured-img":"disabled","footer-sml-layout":"","ast-disable-related-posts":"","theme-transparent-header-meta":"enabled","adv-header-id-meta":"","stick-header-meta":"","header-above-stick-meta":"","header-main-stick-meta":"","header-below-stick-meta":"","astra-migrate-meta-layouts":"set","ast-page-background-enabled":"default","ast-page-background-meta":{"desktop":{"background-color":"var(--ast-global-color-4)","background-image":"","background-repeat":"repeat","background-position":"center center","background-size":"auto","background-attachment":"scroll","background-type":"","background-media":"","overlay-type":"","overlay-color":"","overlay-opacity":"","overlay-gradient":""},"tablet":{"background-color":"","background-image":"","background-repeat":"repeat","background-position":"center center","background-size":"auto","background-attachment":"scroll","background-type":"","background-media":"","overlay-type":"","overlay-color":"","overlay-opacity":"","overlay-gradient":""},"mobile":{"background-color":"","background-image":"","background-repeat":"repeat","background-position":"center center","background-size":"auto","background-attachment":"scroll","background-type":"","background-media":"","overlay-type":"","overlay-color":"","overlay-opacity":"","overlay-gradient":""}},"ast-content-background-meta":{"desktop":{"background-color":"var(--ast-global-color-5)","background-image":"","background-repeat":"repeat","background-position":"center center","background-size":"auto","background-attachment":"scroll","background-type":"","background-media":"","overlay-type":"","overlay-color":"","overlay-opacity":"","overlay-gradient":""},"tablet":{"background-color":"var(--ast-global-color-5)","background-image":"","background-repeat":"repeat","background-position":"center center","background-size":"auto","background-attachment":"scroll","background-type":"","background-media":"","overlay-type":"","overlay-color":"","overlay-opacity":"","overlay-gradient":""},"mobile":{"background-color":"var(--ast-global-color-5)","background-image":"","background-repeat":"repeat","background-position":"center center","background-size":"auto","background-attachment":"scroll","background-type":"","background-media":"","overlay-type":"","overlay-color":"","overlay-opacity":"","overlay-gradient":""}},"footnotes":""},"class_list":["post-1324","page","type-page","status-publish","hentry"],"yoast_head":"<!-- This site is optimized with the Yoast SEO plugin v26.6 - https:\/\/yoast.com\/wordpress\/plugins\/seo\/ -->\n<title>Om oss - Svansele Vildmark<\/title>\n<meta name=\"robots\" content=\"index, follow, max-snippet:-1, max-image-preview:large, max-video-preview:-1\" \/>\n<link rel=\"canonical\" href=\"https:\/\/svanselevildmark.com\/de\/uber\/\" \/>\n<meta property=\"og:locale\" content=\"de_DE\" \/>\n<meta property=\"og:type\" content=\"article\" \/>\n<meta property=\"og:title\" content=\"Om oss - Svansele Vildmark\" \/>\n<meta property=\"og:description\" content=\"om oss Vi erbjuder of\u00f6rgl\u00f6mliga \u00e4ventyr och upplevelser i hj\u00e4rtat av den norrl\u00e4ndska vildmarken. V\u00e5r historia Svansele Vildmarkcenter grundades 1996 av Torbj\u00f6rn Holmlund, en vision\u00e4r som alltid brunnit f\u00f6r den or\u00f6rda norrl\u00e4ndska vildmarken. En del \u00e4r samma sedan dess, en del \u00e4r annorlunda, men v\u00e5r k\u00e4rlek till naturen och den vilda upplevelsen best\u00e5r. Svansele 2.0 [&hellip;]\" \/>\n<meta property=\"og:url\" content=\"https:\/\/svanselevildmark.com\/de\/uber\/\" \/>\n<meta property=\"og:site_name\" content=\"Svansele Vildmark\" \/>\n<meta property=\"article:publisher\" content=\"https:\/\/www.facebook.com\/svanselevildmark\" \/>\n<meta property=\"article:modified_time\" content=\"2025-05-24T15:30:48+00:00\" \/>\n<meta property=\"og:image\" content=\"https:\/\/svanselevildmark.com\/wp-content\/uploads\/2024\/12\/Kopia-av-2006-02-19-10.35.22-1024x682.jpg\" \/>\n<meta name=\"twitter:card\" content=\"summary_large_image\" \/>\n<meta name=\"twitter:label1\" content=\"Gesch\u00e4tzte Lesezeit\" \/>\n\t<meta name=\"twitter:data1\" content=\"2\u00a0Minuten\" \/>\n<script type=\"application\/ld+json\" class=\"yoast-schema-graph\">{\"@context\":\"https:\/\/schema.org\",\"@graph\":[{\"@type\":\"WebPage\",\"@id\":\"https:\/\/svanselevildmark.com\/about\/\",\"url\":\"https:\/\/svanselevildmark.com\/about\/\",\"name\":\"Om oss - Svansele Vildmark\",\"isPartOf\":{\"@id\":\"https:\/\/svanselevildmark.com\/#website\"},\"primaryImageOfPage\":{\"@id\":\"https:\/\/svanselevildmark.com\/about\/#primaryimage\"},\"image\":{\"@id\":\"https:\/\/svanselevildmark.com\/about\/#primaryimage\"},\"thumbnailUrl\":\"https:\/\/svanselevildmark.com\/wp-content\/uploads\/2024\/12\/Kopia-av-2006-02-19-10.35.22-1024x682.jpg\",\"datePublished\":\"2024-12-09T22:27:56+00:00\",\"dateModified\":\"2025-05-24T15:30:48+00:00\",\"breadcrumb\":{\"@id\":\"https:\/\/svanselevildmark.com\/about\/#breadcrumb\"},\"inLanguage\":\"de\",\"potentialAction\":[{\"@type\":\"ReadAction\",\"target\":[\"https:\/\/svanselevildmark.com\/about\/\"]}]},{\"@type\":\"ImageObject\",\"inLanguage\":\"de\",\"@id\":\"https:\/\/svanselevildmark.com\/about\/#primaryimage\",\"url\":\"https:\/\/svanselevildmark.com\/wp-content\/uploads\/2024\/12\/Kopia-av-2006-02-19-10.35.22-1024x682.jpg\",\"contentUrl\":\"https:\/\/svanselevildmark.com\/wp-content\/uploads\/2024\/12\/Kopia-av-2006-02-19-10.35.22-1024x682.jpg\"},{\"@type\":\"BreadcrumbList\",\"@id\":\"https:\/\/svanselevildmark.com\/about\/#breadcrumb\",\"itemListElement\":[{\"@type\":\"ListItem\",\"position\":1,\"name\":\"Hem\",\"item\":\"https:\/\/svanselevildmark.com\/\"},{\"@type\":\"ListItem\",\"position\":2,\"name\":\"Om oss\"}]},{\"@type\":\"WebSite\",\"@id\":\"https:\/\/svanselevildmark.com\/#website\",\"url\":\"https:\/\/svanselevildmark.com\/\",\"name\":\"Svansele Vildmark\",\"description\":\"\",\"publisher\":{\"@id\":\"https:\/\/svanselevildmark.com\/#organization\"},\"potentialAction\":[{\"@type\":\"SearchAction\",\"target\":{\"@type\":\"EntryPoint\",\"urlTemplate\":\"https:\/\/svanselevildmark.com\/?s={search_term_string}\"},\"query-input\":{\"@type\":\"PropertyValueSpecification\",\"valueRequired\":true,\"valueName\":\"search_term_string\"}}],\"inLanguage\":\"de\"},{\"@type\":\"Organization\",\"@id\":\"https:\/\/svanselevildmark.com\/#organization\",\"name\":\"Svansele Vildmark\",\"url\":\"https:\/\/svanselevildmark.com\/\",\"logo\":{\"@type\":\"ImageObject\",\"inLanguage\":\"de\",\"@id\":\"https:\/\/svanselevildmark.com\/#\/schema\/logo\/image\/\",\"url\":\"https:\/\/svanselevildmark.com\/wp-content\/uploads\/2024\/12\/zipwp-image-9194.png\",\"contentUrl\":\"https:\/\/svanselevildmark.com\/wp-content\/uploads\/2024\/12\/zipwp-image-9194.png\",\"width\":772,\"height\":519,\"caption\":\"Svansele Vildmark\"},\"image\":{\"@id\":\"https:\/\/svanselevildmark.com\/#\/schema\/logo\/image\/\"},\"sameAs\":[\"https:\/\/www.facebook.com\/svanselevildmark\",\"https:\/\/www.instagram.com\/svanselevildmark\"]}]}<\/script>\n<!-- \/ Yoast SEO plugin. -->","yoast_head_json":{"title":"\u00dcber uns - Svansele Wilderness","robots":{"index":"index","follow":"follow","max-snippet":"max-snippet:-1","max-image-preview":"max-image-preview:large","max-video-preview":"max-video-preview:-1"},"canonical":"https:\/\/svanselevildmark.com\/de\/uber\/","og_locale":"de_DE","og_type":"article","og_title":"Om oss - Svansele Vildmark","og_description":"om oss Vi erbjuder of\u00f6rgl\u00f6mliga \u00e4ventyr och upplevelser i hj\u00e4rtat av den norrl\u00e4ndska vildmarken. V\u00e5r historia Svansele Vildmarkcenter grundades 1996 av Torbj\u00f6rn Holmlund, en vision\u00e4r som alltid brunnit f\u00f6r den or\u00f6rda norrl\u00e4ndska vildmarken. En del \u00e4r samma sedan dess, en del \u00e4r annorlunda, men v\u00e5r k\u00e4rlek till naturen och den vilda upplevelsen best\u00e5r. Svansele 2.0 [&hellip;]","og_url":"https:\/\/svanselevildmark.com\/de\/uber\/","og_site_name":"Svansele Vildmark","article_publisher":"https:\/\/www.facebook.com\/svanselevildmark","article_modified_time":"2025-05-24T15:30:48+00:00","og_image":[{"url":"https:\/\/svanselevildmark.com\/wp-content\/uploads\/2024\/12\/Kopia-av-2006-02-19-10.35.22-1024x682.jpg","type":"","width":"","height":""}],"twitter_card":"summary_large_image","twitter_misc":{"Gesch\u00e4tzte Lesezeit":"2\u00a0Minuten"},"schema":{"@context":"https:\/\/schema.org","@graph":[{"@type":"WebPage","@id":"https:\/\/svanselevildmark.com\/about\/","url":"https:\/\/svanselevildmark.com\/about\/","name":"\u00dcber uns - Svansele Wilderness","isPartOf":{"@id":"https:\/\/svanselevildmark.com\/#website"},"primaryImageOfPage":{"@id":"https:\/\/svanselevildmark.com\/about\/#primaryimage"},"image":{"@id":"https:\/\/svanselevildmark.com\/about\/#primaryimage"},"thumbnailUrl":"https:\/\/svanselevildmark.com\/wp-content\/uploads\/2024\/12\/Kopia-av-2006-02-19-10.35.22-1024x682.jpg","datePublished":"2024-12-09T22:27:56+00:00","dateModified":"2025-05-24T15:30:48+00:00","breadcrumb":{"@id":"https:\/\/svanselevildmark.com\/about\/#breadcrumb"},"inLanguage":"de","potentialAction":[{"@type":"ReadAction","target":["https:\/\/svanselevildmark.com\/about\/"]}]},{"@type":"ImageObject","inLanguage":"de","@id":"https:\/\/svanselevildmark.com\/about\/#primaryimage","url":"https:\/\/svanselevildmark.com\/wp-content\/uploads\/2024\/12\/Kopia-av-2006-02-19-10.35.22-1024x682.jpg","contentUrl":"https:\/\/svanselevildmark.com\/wp-content\/uploads\/2024\/12\/Kopia-av-2006-02-19-10.35.22-1024x682.jpg"},{"@type":"BreadcrumbList","@id":"https:\/\/svanselevildmark.com\/about\/#breadcrumb","itemListElement":[{"@type":"ListItem","position":1,"name":"Hem","item":"https:\/\/svanselevildmark.com\/"},{"@type":"ListItem","position":2,"name":"Om oss"}]},{"@type":"WebSite","@id":"https:\/\/svanselevildmark.com\/#website","url":"https:\/\/svanselevildmark.com\/","name":"Svansele Wildnis","description":"","publisher":{"@id":"https:\/\/svanselevildmark.com\/#organization"},"potentialAction":[{"@type":"SearchAction","target":{"@type":"EntryPoint","urlTemplate":"https:\/\/svanselevildmark.com\/?s={search_term_string}"},"query-input":{"@type":"PropertyValueSpecification","valueRequired":true,"valueName":"search_term_string"}}],"inLanguage":"de"},{"@type":"Organization","@id":"https:\/\/svanselevildmark.com\/#organization","name":"Svansele Wildnis","url":"https:\/\/svanselevildmark.com\/","logo":{"@type":"ImageObject","inLanguage":"de","@id":"https:\/\/svanselevildmark.com\/#\/schema\/logo\/image\/","url":"https:\/\/svanselevildmark.com\/wp-content\/uploads\/2024\/12\/zipwp-image-9194.png","contentUrl":"https:\/\/svanselevildmark.com\/wp-content\/uploads\/2024\/12\/zipwp-image-9194.png","width":772,"height":519,"caption":"Svansele Vildmark"},"image":{"@id":"https:\/\/svanselevildmark.com\/#\/schema\/logo\/image\/"},"sameAs":["https:\/\/www.facebook.com\/svanselevildmark","https:\/\/www.instagram.com\/svanselevildmark"]}]}},"uagb_featured_image_src":{"full":false,"thumbnail":false,"medium":false,"medium_large":false,"large":false,"1536x1536":false,"2048x2048":false,"trp-custom-language-flag":false},"uagb_author_info":{"display_name":"zn9c8wpyy9hj","author_link":"https:\/\/svanselevildmark.com\/de\/author\/zn9c8wpyy9hj\/"},"uagb_comment_info":0,"uagb_excerpt":"om oss Vi erbjuder of\u00f6rgl\u00f6mliga \u00e4ventyr och upplevelser i hj\u00e4rtat av den norrl\u00e4ndska vildmarken. V\u00e5r historia Svansele Vildmarkcenter grundades 1996 av Torbj\u00f6rn Holmlund, en vision\u00e4r som alltid brunnit f\u00f6r den or\u00f6rda norrl\u00e4ndska vildmarken. En del \u00e4r samma sedan dess, en del \u00e4r annorlunda, men v\u00e5r k\u00e4rlek till naturen och den vilda upplevelsen best\u00e5r. Svansele 2.0&hellip;","_links":{"self":[{"href":"https:\/\/svanselevildmark.com\/de\/wp-json\/wp\/v2\/pages\/1324","targetHints":{"allow":["GET"]}}],"collection":[{"href":"https:\/\/svanselevildmark.com\/de\/wp-json\/wp\/v2\/pages"}],"about":[{"href":"https:\/\/svanselevildmark.com\/de\/wp-json\/wp\/v2\/types\/page"}],"author":[{"embeddable":true,"href":"https:\/\/svanselevildmark.com\/de\/wp-json\/wp\/v2\/users\/4"}],"replies":[{"embeddable":true,"href":"https:\/\/svanselevildmark.com\/de\/wp-json\/wp\/v2\/comments?post=1324"}],"version-history":[{"count":7,"href":"https:\/\/svanselevildmark.com\/de\/wp-json\/wp\/v2\/pages\/1324\/revisions"}],"predecessor-version":[{"id":3445,"href":"https:\/\/svanselevildmark.com\/de\/wp-json\/wp\/v2\/pages\/1324\/revisions\/3445"}],"wp:attachment":[{"href":"https:\/\/svanselevildmark.com\/de\/wp-json\/wp\/v2\/media?parent=1324"}],"curies":[{"name":"wp","href":"https:\/\/api.w.org\/{rel}","templated":true}]}}