{"id":1322,"date":"2024-12-09T22:27:56","date_gmt":"2024-12-09T22:27:56","guid":{"rendered":"https:\/\/svanselevildmark.com\/home\/"},"modified":"2026-05-05T15:39:12","modified_gmt":"2026-05-05T13:39:12","slug":"home","status":"publish","type":"page","link":"https:\/\/svanselevildmark.com\/de\/","title":{"rendered":"Erleben Sie das ganze Jahr \u00fcber Abenteuer in Svansele"},"content":{"rendered":"<div class=\"wp-block-uagb-container uagb-block-494c42c4 alignfull uagb-is-root-container\"><div class=\"uagb-container__video-wrap\"><video autoplay loop muted playsinline><source src=\"https:\/\/svanselevildmark.com\/wp-content\/uploads\/2026\/05\/DJI_0269_6.mp4\" type=\"video\/mp4\"\/><\/video><\/div>\n<div class=\"wp-block-uagb-info-box uagb-block-cd2517a4 uagb-infobox__content-wrap  uagb-infobox-icon-above-title uagb-infobox-image-valign-top wp-block-uagb-info-box--has-margin\"><div class=\"uagb-infobox-margin-wrapper\"><div class=\"uagb-ifb-content\"><div class=\"uagb-ifb-title-wrap\"><h2 class=\"uagb-ifb-title-prefix\">willkommen bei<\/h2><h1 class=\"uagb-ifb-title\">svansele<\/h1><\/div><p class=\"uagb-ifb-desc translation-block\">Im Herzen des V\u00e4sterbotten-Hinterlandes.<br>\nHier beginnt das Abenteuer.<\/p><div class=\"uagb-ifb-button-wrapper wp-block-button\"><a href=\"\/de\/abenteuer\/\" class=\"uagb-infobox-cta-link wp-block-button__link\" target=\"_self\" rel=\"noopener noreferrer\" onclick=\"return true;\"><span class=\"uagb-inline-editing\">F\u00d6LJ MED<\/span><svg xmlns=\"https:\/\/www.w3.org\/2000\/svg\" viewbox=\"0 0 256 512\"><path d=\"M64 448c-8.188 0-16.38-3.125-22.62-9.375c-12.5-12.5-12.5-32.75 0-45.25L178.8 256L41.38 118.6c-12.5-12.5-12.5-32.75 0-45.25s32.75-12.5 45.25 0l160 160c12.5 12.5 12.5 32.75 0 45.25l-160 160C80.38 444.9 72.19 448 64 448z\"><\/path><\/svg><\/a><\/div><\/div><\/div><\/div>\n<\/div>\n\n\n\n\n\n<div class=\"wp-block-uagb-container uagb-block-8yctnmdf alignfull uagb-is-root-container\"><div class=\"uagb-container__shape uagb-container__shape-bottom uagb-container__invert\" data-negative=\"false\"><svg xmlns=\"https:\/\/www.w3.org\/2000\/svg\" viewbox=\"0 0 937.5 120\" preserveaspectratio=\"none\"><path class=\"uagb-container__shape-fill\" d=\"M937,129.8V-0.1H0v129.9C0,62.6,209.6,8.2,468.4,8.2S936.9,62.6,937,129.8z\"><\/path><\/svg><\/div>\n<div class=\"wp-block-uagb-image aligncenter uagb-block-hyusqtjz wp-block-uagb-image--layout-default wp-block-uagb-image--effect-static wp-block-uagb-image--align-center alignleft\"><figure class=\"wp-block-uagb-image__figure\"><img decoding=\"async\" srcset=\"https:\/\/svanselevildmark.com\/wp-content\/uploads\/2025\/05\/sommarrummet-1024x683.jpeg ,https:\/\/svanselevildmark.com\/wp-content\/uploads\/2025\/05\/sommarrummet.jpeg 780w, https:\/\/svanselevildmark.com\/wp-content\/uploads\/2025\/05\/sommarrummet.jpeg 360w\" sizes=\"auto, (max-width: 480px) 150px\" src=\"https:\/\/svanselevildmark.com\/wp-content\/uploads\/2025\/05\/sommarrummet-1024x683.jpeg\" alt=\"\" class=\"uag-image-2974\" width=\"1024\" height=\"683\" title=\"\" loading=\"lazy\" role=\"presentation\"\/><\/figure><\/div>\n\n\n\n<div class=\"wp-block-uagb-container uagb-block-xgzqagfk\">\n<div class=\"wp-block-uagb-info-box uagb-block-x39dbubp uagb-infobox__content-wrap  uagb-infobox-icon-above-title uagb-infobox-image-valign-top\"><div class=\"uagb-ifb-content\"><div class=\"uagb-ifb-title-wrap\"><h2 class=\"uagb-ifb-title\">Ihr Abenteuer in Svansele - Das ganze Jahr \u00fcber<\/h2><\/div><div class=\"uagb-ifb-separator\"><\/div><p class=\"uagb-ifb-desc\">Hier in Svansele haben Sie die M\u00f6glichkeit, das ganze Jahr \u00fcber etwas Au\u00dfergew\u00f6hnliches zu erleben. Ob Sie im Winter den Nervenkitzel auf Schneemobilen oder Skiern suchen oder die \u00fcppigen Naturreservate mit Quads und Fahrr\u00e4dern erkunden wollen - es gibt immer eine Aktivit\u00e4t, die zu Ihnen passt. <br><br>F\u00fcr diejenigen, die der Natur wirklich nahe kommen wollen, bieten wir unser Wildniscamp an - ein Ort, an dem Sie wirklich eins mit der Natur und der Wildnis werden k\u00f6nnen! Hier schlafen Sie in H\u00fctten, genie\u00dfen die W\u00e4rme von Saunen und Whirlpools und erleben das Einfache und Authentische. <br><br>In Svansele passiert immer etwas Aufregendes, also halten Sie Ausschau nach kommenden Aktivit\u00e4ten und Veranstaltungen. Nutzen Sie die Chance, Norrland in echt zu erleben - das Abenteuer in Svansele wartet auf Sie!<br><br><\/p><div class=\"uagb-ifb-button-wrapper wp-block-button\"><a href=\"https:\/\/svanselevildmark.com\/de\/abenteuer\/\" class=\"uagb-infobox-cta-link wp-block-button__link\" target=\"_self\" rel=\"noopener noreferrer\" onclick=\"return true;\"><span class=\"uagb-inline-editing\">Buchen Sie Ihr Abenteuer bei uns<\/span><svg xmlns=\"https:\/\/www.w3.org\/2000\/svg\" viewbox=\"0 0 256 512\"><path d=\"M64 448c-8.188 0-16.38-3.125-22.62-9.375c-12.5-12.5-12.5-32.75 0-45.25L178.8 256L41.38 118.6c-12.5-12.5-12.5-32.75 0-45.25s32.75-12.5 45.25 0l160 160c12.5 12.5 12.5 32.75 0 45.25l-160 160C80.38 444.9 72.19 448 64 448z\"><\/path><\/svg><\/a><\/div><\/div><\/div>\n<\/div>\n<\/div>\n\n\n\n<div class=\"wp-block-uagb-container uagb-block-9ffed3f7 alignfull uagb-is-root-container\">\n<div class=\"wp-block-uagb-container uagb-block-wvt6cqtn\">\n<div data-aos= \"fade\" data-aos-duration=\"400\" data-aos-delay=\"0\" data-aos-easing=\"ease\" data-aos-once=\"true\" class=\"wp-block-uagb-container uagb-block-ybvz7xox\">\n<div class=\"wp-block-uagb-info-box uagb-block-facilfvu uagb-infobox__content-wrap  uagb-infobox-icon-above-title uagb-infobox-image-valign-top\"><div class=\"uagb-ifb-content\"><div class=\"uagb-ifb-title-wrap\"><h3 class=\"uagb-ifb-title\">Restaurant Vildsint<\/h3><\/div><p class=\"uagb-ifb-desc\">Wir haben viel in unser Restaurant investiert und bieten nun neben Einladungen und Gruppenbuchungen auch Hochzeiten und Gedenkfeiern an. <br><\/p><div class=\"uagb-ifb-button-wrapper wp-block-button\"><a href=\"https:\/\/svanselevildmark.com\/de\/restaurant-vildsint\/\" target=\"_self\" onclick=\"return true;\" class=\"uagb-infobox-cta-link\" rel=\"noopener noreferrer\"><span class=\"uagb-inline-editing\">Mehr lesen<\/span><svg xmlns=\"https:\/\/www.w3.org\/2000\/svg\" viewbox=\"0 0 256 512\"><path d=\"M64 448c-8.188 0-16.38-3.125-22.62-9.375c-12.5-12.5-12.5-32.75 0-45.25L178.8 256L41.38 118.6c-12.5-12.5-12.5-32.75 0-45.25s32.75-12.5 45.25 0l160 160c12.5 12.5 12.5 32.75 0 45.25l-160 160C80.38 444.9 72.19 448 64 448z\"><\/path><\/svg><\/a><\/div><\/div><\/div>\n<\/div>\n\n\n\n<div data-aos= \"fade\" data-aos-duration=\"400\" data-aos-delay=\"0\" data-aos-easing=\"ease\" data-aos-once=\"true\" class=\"wp-block-uagb-container uagb-block-ixh2hlfe\">\n<div class=\"wp-block-uagb-info-box uagb-block-e1vdt3fp uagb-infobox__content-wrap  uagb-infobox-icon-above-title uagb-infobox-image-valign-top\"><div class=\"uagb-ifb-content\"><div class=\"uagb-ifb-title-wrap\"><h3 class=\"uagb-ifb-title\">Wildnisausstellung<\/h3><\/div><p class=\"uagb-ifb-desc\">Wir wagen zu behaupten, dass diese Ausstellung weltweit einmalig ist. Hier k\u00f6nnen Sie die nordische Fauna in dramatischen Szenen aus dem wirklichen Leben sehen.<br><\/p><div class=\"uagb-ifb-button-wrapper wp-block-button\"><a href=\"https:\/\/svanselevildmark.com\/de\/die-wildnisanzeige\/\" target=\"_self\" onclick=\"return true;\" class=\"uagb-infobox-cta-link\" rel=\"noopener noreferrer\"><span class=\"uagb-inline-editing\">Mehr lesen<\/span><svg xmlns=\"https:\/\/www.w3.org\/2000\/svg\" viewbox=\"0 0 256 512\"><path d=\"M64 448c-8.188 0-16.38-3.125-22.62-9.375c-12.5-12.5-12.5-32.75 0-45.25L178.8 256L41.38 118.6c-12.5-12.5-12.5-32.75 0-45.25s32.75-12.5 45.25 0l160 160c12.5 12.5 12.5 32.75 0 45.25l-160 160C80.38 444.9 72.19 448 64 448z\"><\/path><\/svg><\/a><\/div><\/div><\/div>\n<\/div>\n\n\n\n<div data-aos= \"fade\" data-aos-duration=\"400\" data-aos-delay=\"0\" data-aos-easing=\"ease\" data-aos-once=\"true\" class=\"wp-block-uagb-container uagb-block-fle2riku\">\n<div class=\"wp-block-uagb-info-box uagb-block-3f6ymkmd uagb-infobox__content-wrap  uagb-infobox-icon-above-title uagb-infobox-image-valign-top\"><div class=\"uagb-ifb-content\"><div class=\"uagb-ifb-title-wrap\"><h3 class=\"uagb-ifb-title\">Das Abenteuer<\/h3><\/div><p class=\"uagb-ifb-desc\">Bei unseren Aktivit\u00e4ten geht es um die Natur von Norrland und darum, wie die Menschen seit Generationen mit ihr leben.<br><\/p><div class=\"uagb-ifb-button-wrapper wp-block-button\"><a href=\"https:\/\/svanselevildmark.com\/de\/abenteuer\/\" target=\"_self\" onclick=\"return true;\" class=\"uagb-infobox-cta-link\" rel=\"noopener noreferrer\"><span class=\"uagb-inline-editing\">Mehr lesen<\/span><svg xmlns=\"https:\/\/www.w3.org\/2000\/svg\" viewbox=\"0 0 256 512\"><path d=\"M64 448c-8.188 0-16.38-3.125-22.62-9.375c-12.5-12.5-12.5-32.75 0-45.25L178.8 256L41.38 118.6c-12.5-12.5-12.5-32.75 0-45.25s32.75-12.5 45.25 0l160 160c12.5 12.5 12.5 32.75 0 45.25l-160 160C80.38 444.9 72.19 448 64 448z\"><\/path><\/svg><\/a><\/div><\/div><\/div>\n<\/div>\n<\/div>\n<\/div>\n\n\n\n<div class=\"wp-block-uagb-container uagb-layout-grid uagb-block-0186287e alignfull uagb-is-root-container\"><div class=\"uagb-container__shape uagb-container__shape-top uagb-container__shape-flip\"><svg xmlns=\"https:\/\/www.w3.org\/2000\/svg\" viewbox=\"0 0 1000 100\" preserveaspectratio=\"none\"><path class=\"uagb-container__shape-fill\" d=\"M421.9,6.5c22.6-2.5,51.5,0.4,75.5,5.3c23.6,4.9,70.9,23.5,100.5,35.7c75.8,32.2,133.7,44.5,192.6,49.7  c23.6,2.1,48.7,3.5,103.4-2.5c54.7-6,106.2-25.6,106.2-25.6V0H0v30.3c0,0,72,32.6,158.4,30.5c39.2-0.7,92.8-6.7,134-22.4  c21.2-8.1,52.2-18.2,79.7-24.2C399.3,7.9,411.6,7.5,421.9,6.5z\"><\/path><\/svg><\/div><div class=\"uagb-container-inner-blocks-wrap\">\n<div class=\"wp-block-uagb-info-box uagb-block-03550eeb uagb-infobox__content-wrap  uagb-infobox-icon-above-title uagb-infobox-image-valign-top wp-block-uagb-info-box--has-margin\"><div class=\"uagb-infobox-margin-wrapper\"><div class=\"uagb-ifb-content\"><div class=\"uagb-ifb-title-wrap\"><span class=\"uagb-ifb-title-prefix\">\u00dcBER UNS<\/span><h4 class=\"uagb-ifb-title\">Wir brennen f\u00fcr wilde Erlebnisse. Jetzt und dann.<\/h4><\/div><p class=\"uagb-ifb-desc\">Abenteuer in Svansele, diese Leidenschaft gibt es schon immer. Wir m\u00f6chten, dass Norrland lebt und dass mehr Menschen das Potenzial dieses wundersch\u00f6nen Gebiets erkennen. Svansele Wilderness Center wurde in den 1990er Jahren von einer wahren Norrland-Legende gegr\u00fcndet, und wir haben an unserem Erbe von Abenteuer und Wildnis festgehalten. Doch nun freuen wir uns auf das n\u00e4chste Kapitel, mit etwas Neuem und Modernem und einem noch lebendigeren Svansele. Wir versprechen, egal ob du Ruhe oder Spannung suchst, Svansele wird immer ein Ort sein, an dem das Abenteuer hinter der n\u00e4chsten Ecke wartet.<\/p><div class=\"uagb-ifb-button-wrapper wp-block-button\"><a href=\"\/de\/uber\/\" class=\"uagb-infobox-cta-link wp-block-button__link\" target=\"_self\" rel=\"noopener noreferrer\" onclick=\"return true;\"><span class=\"uagb-inline-editing\">UNSERE GESCHICHTE<\/span><\/a><\/div><\/div><\/div><\/div>\n\n\n\n<div class=\"wp-block-uagb-image alignright uagb-block-37933192 wp-block-uagb-image--layout-default wp-block-uagb-image--effect-static wp-block-uagb-image--align-right\"><figure class=\"wp-block-uagb-image__figure\"><img decoding=\"async\" srcset=\"https:\/\/svanselevildmark.com\/wp-content\/uploads\/2024\/12\/2011-03-20-11.46.59-1-edited-768x1024.jpg ,https:\/\/svanselevildmark.com\/wp-content\/uploads\/2024\/12\/2011-03-20-11.46.59-1.jpg 780w, https:\/\/svanselevildmark.com\/wp-content\/uploads\/2024\/12\/2011-03-20-11.46.59-1.jpg 360w\" sizes=\"auto, (max-width: 480px) 150px\" src=\"https:\/\/svanselevildmark.com\/wp-content\/uploads\/2024\/12\/2011-03-20-11.46.59-1-edited-768x1024.jpg\" alt=\"Rentier mit Rentierkalb in Svansele\" class=\"uag-image-2244\" width=\"768\" height=\"1024\" title=\"\" loading=\"lazy\" role=\"img\"\/><\/figure><\/div>\n<\/div><\/div>\n\n\n\n\n\n<div class=\"wp-block-uagb-container uagb-block-fb32e4bf alignfull uagb-is-root-container\"><div class=\"uagb-container__shape uagb-container__shape-top\"><svg xmlns=\"https:\/\/www.w3.org\/2000\/svg\" viewbox=\"0 0 1000 100\" preserveaspectratio=\"none\"><path class=\"uagb-container__shape-fill\" d=\"M194,99c186.7,0.7,305-78.3,306-97.2c1,18.9,119.3,97.9,306,97.2c114.3-0.3,194,0.3,194,0.3s0-91.7,0-100c0,0,0,0,0-0 L0,0v99.3C0,99.3,79.7,98.7,194,99z\"><\/path><\/svg><\/div>\n<div class=\"wp-block-uagb-info-box uagb-block-54aaf525 uagb-infobox__content-wrap  uagb-infobox-icon-below-title uagb-infobox-image-valign-top\"><div class=\"uagb-ifb-content\"><div class=\"uagb-ifb-title-wrap\"><h4 class=\"uagb-ifb-title\">\"Die Gesch\u00e4ftskonferenz war etwas ganz Besonderes. Wir haben ein ma\u00dfgeschneidertes Paket mit Konferenz, Unterkunft in einer H\u00fctte, Sauna, Schwimmen und Schneemobilsafari gebucht... <br>und endete mit einem Erlebnis im Norden, das wir nie vergessen werden!\"<\/h4><\/div><div class=\"uagb-ifb-image-content\"><img decoding=\"async\" src=\"https:\/\/svanselevildmark.com\/wp-content\/uploads\/2024\/12\/tripadvisor-icon-150x150.webp\" alt=\"\" width=\"50\" height=\"50\" loading=\"lazy\"\/><\/div><p class=\"uagb-ifb-desc\">Kundenbewertung, Tripadvisor (\u00fcbersetzt aus dem Schwedischen)<\/p><\/div><\/div>\n<\/div>","protected":false},"excerpt":{"rendered":"","protected":false},"author":4,"featured_media":317,"parent":0,"menu_order":0,"comment_status":"closed","ping_status":"closed","template":"","meta":{"_uag_custom_page_level_css":"","site-sidebar-layout":"no-sidebar","site-content-layout":"page-builder","ast-site-content-layout":"full-width-container","site-content-style":"default","site-sidebar-style":"unboxed","ast-global-header-display":"","ast-banner-title-visibility":"","ast-main-header-display":"","ast-hfb-above-header-display":"","ast-hfb-below-header-display":"","ast-hfb-mobile-header-display":"","site-post-title":"disabled","ast-breadcrumbs-content":"","ast-featured-img":"disabled","footer-sml-layout":"","ast-disable-related-posts":"","theme-transparent-header-meta":"enabled","adv-header-id-meta":"","stick-header-meta":"","header-above-stick-meta":"","header-main-stick-meta":"","header-below-stick-meta":"","astra-migrate-meta-layouts":"set","ast-page-background-enabled":"default","ast-page-background-meta":{"desktop":{"background-color":"var(--ast-global-color-4)","background-image":"","background-repeat":"repeat","background-position":"center center","background-size":"auto","background-attachment":"scroll","background-type":"","background-media":"","overlay-type":"","overlay-color":"","overlay-opacity":"","overlay-gradient":""},"tablet":{"background-color":"","background-image":"","background-repeat":"repeat","background-position":"center center","background-size":"auto","background-attachment":"scroll","background-type":"","background-media":"","overlay-type":"","overlay-color":"","overlay-opacity":"","overlay-gradient":""},"mobile":{"background-color":"","background-image":"","background-repeat":"repeat","background-position":"center center","background-size":"auto","background-attachment":"scroll","background-type":"","background-media":"","overlay-type":"","overlay-color":"","overlay-opacity":"","overlay-gradient":""}},"ast-content-background-meta":{"desktop":{"background-color":"var(--ast-global-color-5)","background-image":"","background-repeat":"repeat","background-position":"center center","background-size":"auto","background-attachment":"scroll","background-type":"","background-media":"","overlay-type":"","overlay-color":"","overlay-opacity":"","overlay-gradient":""},"tablet":{"background-color":"var(--ast-global-color-5)","background-image":"","background-repeat":"repeat","background-position":"center center","background-size":"auto","background-attachment":"scroll","background-type":"","background-media":"","overlay-type":"","overlay-color":"","overlay-opacity":"","overlay-gradient":""},"mobile":{"background-color":"var(--ast-global-color-5)","background-image":"","background-repeat":"repeat","background-position":"center center","background-size":"auto","background-attachment":"scroll","background-type":"","background-media":"","overlay-type":"","overlay-color":"","overlay-opacity":"","overlay-gradient":""}},"footnotes":""},"class_list":["post-1322","page","type-page","status-publish","has-post-thumbnail","hentry"],"yoast_head":"<!-- This site is optimized with the Yoast SEO plugin v26.6 - https:\/\/yoast.com\/wordpress\/plugins\/seo\/ -->\n<title>Upplev \u00e4ventyr i Svansele \u00e5ret runt - Svansele Vildmark<\/title>\n<meta name=\"description\" content=\"\u00c4ventyr i Svansele: Skoter, fyrhjuling eller vildmarkscamp med k\u00e5tor, bastu och bad. Upplev natur och vildmark \u00e5ret runt i Norrland!\" \/>\n<meta name=\"robots\" content=\"index, follow, max-snippet:-1, max-image-preview:large, max-video-preview:-1\" \/>\n<link rel=\"canonical\" href=\"https:\/\/svanselevildmark.com\/de\/\" \/>\n<meta property=\"og:locale\" content=\"de_DE\" \/>\n<meta property=\"og:type\" content=\"article\" \/>\n<meta property=\"og:title\" content=\"Upplev \u00e4ventyr i Svansele \u00e5ret runt - Svansele Vildmark\" \/>\n<meta property=\"og:description\" content=\"\u00c4ventyr i Svansele: Skoter, fyrhjuling eller vildmarkscamp med k\u00e5tor, bastu och bad. Upplev natur och vildmark \u00e5ret runt i Norrland!\" \/>\n<meta property=\"og:url\" content=\"https:\/\/svanselevildmark.com\/de\/\" \/>\n<meta property=\"og:site_name\" content=\"Svansele Vildmark\" \/>\n<meta property=\"article:publisher\" content=\"https:\/\/www.facebook.com\/svanselevildmark\" \/>\n<meta property=\"article:modified_time\" content=\"2026-05-05T13:39:12+00:00\" \/>\n<meta property=\"og:image\" content=\"https:\/\/svanselevildmark.com\/wp-content\/uploads\/2024\/12\/2013-01-20-011651.jpg\" \/>\n\t<meta property=\"og:image:width\" content=\"2000\" \/>\n\t<meta property=\"og:image:height\" content=\"1331\" \/>\n\t<meta property=\"og:image:type\" content=\"image\/jpeg\" \/>\n<meta name=\"twitter:card\" content=\"summary_large_image\" \/>\n<meta name=\"twitter:label1\" content=\"Gesch\u00e4tzte Lesezeit\" \/>\n\t<meta name=\"twitter:data1\" content=\"3\u00a0Minuten\" \/>\n<script type=\"application\/ld+json\" class=\"yoast-schema-graph\">{\"@context\":\"https:\/\/schema.org\",\"@graph\":[{\"@type\":\"WebPage\",\"@id\":\"https:\/\/svanselevildmark.com\/\",\"url\":\"https:\/\/svanselevildmark.com\/\",\"name\":\"Upplev \u00e4ventyr i Svansele \u00e5ret runt - Svansele Vildmark\",\"isPartOf\":{\"@id\":\"https:\/\/svanselevildmark.com\/#website\"},\"primaryImageOfPage\":{\"@id\":\"https:\/\/svanselevildmark.com\/#primaryimage\"},\"image\":{\"@id\":\"https:\/\/svanselevildmark.com\/#primaryimage\"},\"thumbnailUrl\":\"https:\/\/svanselevildmark.com\/wp-content\/uploads\/2024\/12\/2013-01-20-011651.jpg\",\"datePublished\":\"2024-12-09T22:27:56+00:00\",\"dateModified\":\"2026-05-05T13:39:12+00:00\",\"description\":\"\u00c4ventyr i Svansele: Skoter, fyrhjuling eller vildmarkscamp med k\u00e5tor, bastu och bad. Upplev natur och vildmark \u00e5ret runt i Norrland!\",\"breadcrumb\":{\"@id\":\"https:\/\/svanselevildmark.com\/#breadcrumb\"},\"inLanguage\":\"de\",\"potentialAction\":[{\"@type\":\"ReadAction\",\"target\":[\"https:\/\/svanselevildmark.com\/\"]}]},{\"@type\":\"ImageObject\",\"inLanguage\":\"de\",\"@id\":\"https:\/\/svanselevildmark.com\/#primaryimage\",\"url\":\"https:\/\/svanselevildmark.com\/wp-content\/uploads\/2024\/12\/2013-01-20-011651.jpg\",\"contentUrl\":\"https:\/\/svanselevildmark.com\/wp-content\/uploads\/2024\/12\/2013-01-20-011651.jpg\",\"width\":2000,\"height\":1331,\"caption\":\"\u00c4lgkalven\"},{\"@type\":\"BreadcrumbList\",\"@id\":\"https:\/\/svanselevildmark.com\/#breadcrumb\",\"itemListElement\":[{\"@type\":\"ListItem\",\"position\":1,\"name\":\"Hem\",\"item\":\"https:\/\/svanselevildmark.com\/\"},{\"@type\":\"ListItem\",\"position\":2,\"name\":\"Upplev \u00e4ventyr i Svansele \u00e5ret runt\"}]},{\"@type\":\"WebSite\",\"@id\":\"https:\/\/svanselevildmark.com\/#website\",\"url\":\"https:\/\/svanselevildmark.com\/\",\"name\":\"Svansele Vildmark\",\"description\":\"\",\"publisher\":{\"@id\":\"https:\/\/svanselevildmark.com\/#organization\"},\"potentialAction\":[{\"@type\":\"SearchAction\",\"target\":{\"@type\":\"EntryPoint\",\"urlTemplate\":\"https:\/\/svanselevildmark.com\/?s={search_term_string}\"},\"query-input\":{\"@type\":\"PropertyValueSpecification\",\"valueRequired\":true,\"valueName\":\"search_term_string\"}}],\"inLanguage\":\"de\"},{\"@type\":\"Organization\",\"@id\":\"https:\/\/svanselevildmark.com\/#organization\",\"name\":\"Svansele Vildmark\",\"url\":\"https:\/\/svanselevildmark.com\/\",\"logo\":{\"@type\":\"ImageObject\",\"inLanguage\":\"de\",\"@id\":\"https:\/\/svanselevildmark.com\/#\/schema\/logo\/image\/\",\"url\":\"https:\/\/svanselevildmark.com\/wp-content\/uploads\/2024\/12\/zipwp-image-9194.png\",\"contentUrl\":\"https:\/\/svanselevildmark.com\/wp-content\/uploads\/2024\/12\/zipwp-image-9194.png\",\"width\":772,\"height\":519,\"caption\":\"Svansele Vildmark\"},\"image\":{\"@id\":\"https:\/\/svanselevildmark.com\/#\/schema\/logo\/image\/\"},\"sameAs\":[\"https:\/\/www.facebook.com\/svanselevildmark\",\"https:\/\/www.instagram.com\/svanselevildmark\"]}]}<\/script>\n<!-- \/ Yoast SEO plugin. -->","yoast_head_json":{"title":"Das ganze Jahr \u00fcber Abenteuer in Svansele erleben - Svansele Vildmark","description":"Abenteuer in Svansele: Schneemobilfahren, Quadfahren oder Wildniscamp mit H\u00fctten, Sauna und Schwimmen. Erleben Sie Natur und Wildnis das ganze Jahr \u00fcber in Norrland!","robots":{"index":"index","follow":"follow","max-snippet":"max-snippet:-1","max-image-preview":"max-image-preview:large","max-video-preview":"max-video-preview:-1"},"canonical":"https:\/\/svanselevildmark.com\/de\/","og_locale":"de_DE","og_type":"article","og_title":"Upplev \u00e4ventyr i Svansele \u00e5ret runt - Svansele Vildmark","og_description":"\u00c4ventyr i Svansele: Skoter, fyrhjuling eller vildmarkscamp med k\u00e5tor, bastu och bad. Upplev natur och vildmark \u00e5ret runt i Norrland!","og_url":"https:\/\/svanselevildmark.com\/de\/","og_site_name":"Svansele Vildmark","article_publisher":"https:\/\/www.facebook.com\/svanselevildmark","article_modified_time":"2026-05-05T13:39:12+00:00","og_image":[{"width":2000,"height":1331,"url":"https:\/\/svanselevildmark.com\/wp-content\/uploads\/2024\/12\/2013-01-20-011651.jpg","type":"image\/jpeg"}],"twitter_card":"summary_large_image","twitter_misc":{"Gesch\u00e4tzte Lesezeit":"3\u00a0Minuten"},"schema":{"@context":"https:\/\/schema.org","@graph":[{"@type":"WebPage","@id":"https:\/\/svanselevildmark.com\/","url":"https:\/\/svanselevildmark.com\/","name":"Das ganze Jahr \u00fcber Abenteuer in Svansele erleben - Svansele Vildmark","isPartOf":{"@id":"https:\/\/svanselevildmark.com\/#website"},"primaryImageOfPage":{"@id":"https:\/\/svanselevildmark.com\/#primaryimage"},"image":{"@id":"https:\/\/svanselevildmark.com\/#primaryimage"},"thumbnailUrl":"https:\/\/svanselevildmark.com\/wp-content\/uploads\/2024\/12\/2013-01-20-011651.jpg","datePublished":"2024-12-09T22:27:56+00:00","dateModified":"2026-05-05T13:39:12+00:00","description":"Abenteuer in Svansele: Schneemobilfahren, Quadfahren oder Wildniscamp mit H\u00fctten, Sauna und Schwimmen. Erleben Sie Natur und Wildnis das ganze Jahr \u00fcber in Norrland!","breadcrumb":{"@id":"https:\/\/svanselevildmark.com\/#breadcrumb"},"inLanguage":"de","potentialAction":[{"@type":"ReadAction","target":["https:\/\/svanselevildmark.com\/"]}]},{"@type":"ImageObject","inLanguage":"de","@id":"https:\/\/svanselevildmark.com\/#primaryimage","url":"https:\/\/svanselevildmark.com\/wp-content\/uploads\/2024\/12\/2013-01-20-011651.jpg","contentUrl":"https:\/\/svanselevildmark.com\/wp-content\/uploads\/2024\/12\/2013-01-20-011651.jpg","width":2000,"height":1331,"caption":"\u00c4lgkalven"},{"@type":"BreadcrumbList","@id":"https:\/\/svanselevildmark.com\/#breadcrumb","itemListElement":[{"@type":"ListItem","position":1,"name":"Hem","item":"https:\/\/svanselevildmark.com\/"},{"@type":"ListItem","position":2,"name":"Upplev \u00e4ventyr i Svansele \u00e5ret runt"}]},{"@type":"WebSite","@id":"https:\/\/svanselevildmark.com\/#website","url":"https:\/\/svanselevildmark.com\/","name":"Svansele Wildnis","description":"","publisher":{"@id":"https:\/\/svanselevildmark.com\/#organization"},"potentialAction":[{"@type":"SearchAction","target":{"@type":"EntryPoint","urlTemplate":"https:\/\/svanselevildmark.com\/?s={search_term_string}"},"query-input":{"@type":"PropertyValueSpecification","valueRequired":true,"valueName":"search_term_string"}}],"inLanguage":"de"},{"@type":"Organization","@id":"https:\/\/svanselevildmark.com\/#organization","name":"Svansele Wildnis","url":"https:\/\/svanselevildmark.com\/","logo":{"@type":"ImageObject","inLanguage":"de","@id":"https:\/\/svanselevildmark.com\/#\/schema\/logo\/image\/","url":"https:\/\/svanselevildmark.com\/wp-content\/uploads\/2024\/12\/zipwp-image-9194.png","contentUrl":"https:\/\/svanselevildmark.com\/wp-content\/uploads\/2024\/12\/zipwp-image-9194.png","width":772,"height":519,"caption":"Svansele Vildmark"},"image":{"@id":"https:\/\/svanselevildmark.com\/#\/schema\/logo\/image\/"},"sameAs":["https:\/\/www.facebook.com\/svanselevildmark","https:\/\/www.instagram.com\/svanselevildmark"]}]}},"uagb_featured_image_src":{"full":["https:\/\/svanselevildmark.com\/wp-content\/uploads\/2024\/12\/2013-01-20-011651.jpg",2000,1331,false],"thumbnail":["https:\/\/svanselevildmark.com\/wp-content\/uploads\/2024\/12\/2013-01-20-011651-150x150.jpg",150,150,true],"medium":["https:\/\/svanselevildmark.com\/wp-content\/uploads\/2024\/12\/2013-01-20-011651-300x200.jpg",300,200,true],"medium_large":["https:\/\/svanselevildmark.com\/wp-content\/uploads\/2024\/12\/2013-01-20-011651-768x511.jpg",768,511,true],"large":["https:\/\/svanselevildmark.com\/wp-content\/uploads\/2024\/12\/2013-01-20-011651-1024x681.jpg",1024,681,true],"1536x1536":["https:\/\/svanselevildmark.com\/wp-content\/uploads\/2024\/12\/2013-01-20-011651-1536x1022.jpg",1536,1022,true],"2048x2048":["https:\/\/svanselevildmark.com\/wp-content\/uploads\/2024\/12\/2013-01-20-011651.jpg",2000,1331,false],"trp-custom-language-flag":["https:\/\/svanselevildmark.com\/wp-content\/uploads\/2024\/12\/2013-01-20-011651.jpg",18,12,false]},"uagb_author_info":{"display_name":"zn9c8wpyy9hj","author_link":"https:\/\/svanselevildmark.com\/de\/author\/zn9c8wpyy9hj\/"},"uagb_comment_info":0,"uagb_excerpt":null,"_links":{"self":[{"href":"https:\/\/svanselevildmark.com\/de\/wp-json\/wp\/v2\/pages\/1322","targetHints":{"allow":["GET"]}}],"collection":[{"href":"https:\/\/svanselevildmark.com\/de\/wp-json\/wp\/v2\/pages"}],"about":[{"href":"https:\/\/svanselevildmark.com\/de\/wp-json\/wp\/v2\/types\/page"}],"author":[{"embeddable":true,"href":"https:\/\/svanselevildmark.com\/de\/wp-json\/wp\/v2\/users\/4"}],"replies":[{"embeddable":true,"href":"https:\/\/svanselevildmark.com\/de\/wp-json\/wp\/v2\/comments?post=1322"}],"version-history":[{"count":193,"href":"https:\/\/svanselevildmark.com\/de\/wp-json\/wp\/v2\/pages\/1322\/revisions"}],"predecessor-version":[{"id":4816,"href":"https:\/\/svanselevildmark.com\/de\/wp-json\/wp\/v2\/pages\/1322\/revisions\/4816"}],"wp:featuredmedia":[{"embeddable":true,"href":"https:\/\/svanselevildmark.com\/de\/wp-json\/wp\/v2\/media\/317"}],"wp:attachment":[{"href":"https:\/\/svanselevildmark.com\/de\/wp-json\/wp\/v2\/media?parent=1322"}],"curies":[{"name":"wp","href":"https:\/\/api.w.org\/{rel}","templated":true}]}}